{"id":1290,"date":"2025-02-10T13:08:04","date_gmt":"2025-02-10T13:08:04","guid":{"rendered":"https:\/\/magnuxcompany.com\/?post_type=product&#038;p=1290"},"modified":"2026-04-30T17:10:28","modified_gmt":"2026-04-30T17:10:28","slug":"silla-ejecutiva-magnux-ergonomica-negra-con-tapizado-mesh-color-negro","status":"publish","type":"product","link":"https:\/\/magnuxcompany.com\/?product=silla-ejecutiva-magnux-ergonomica-negra-con-tapizado-mesh-color-negro","title":{"rendered":"Silla Ejecutiva Magnux Ergon\u00f3mica Negra Con Tapizado Mesh Color Negro"},"content":{"rendered":"<p>La selecci\u00f3n de una silla adecuada es muy importante para prevenir futuras lesiones. Con esta silla Magnux, tendr\u00e1s la comodidad y el bienestar que necesitas a lo largo de tu jornada. Adem\u00e1s, puedes ubicarla en cualquier parte de tu casa u oficina ya que su dise\u00f1o se adapta a m\u00faltiples entornos. \u00a1Dale a tus espacios un toque m\u00e1s moderno!<\/p>\n<p>Ergon\u00f3mica y confiable<br \/>\nEs muy com\u00fan que adoptes una mala postura al sentarte y eso sin duda trae una serie de patolog\u00edas que repercuten directamente en tu bienestar. Esta silla ergon\u00f3mica es la indicada para quienes pasan mucho tiempo frente al escritorio, ya sea por trabajo o estudio, ya que su dise\u00f1o se adapta a las formas del cuerpo y garantiza un reparto de presiones equilibrado. Crea un ambiente de trabajo sano y productivo.<\/p>\n<p>Cuida tu cuerpo<br \/>\nLos apoyabrazos favorecer\u00e1n tu postura al escribir y te ayudar\u00e1n a incorporarte con mayor facilidad cuando quieras levantarte.<\/p>\n<p>Mantente en movimiento<br \/>\nLas ruedas te van a permitir moverte y limpiar f\u00e1cilmente tu espacio. Podr\u00e1s trasladarla sin dificultad cuando lo necesites.Adem\u00e1s, al ser giratoria te permitir\u00e1 rotar el asiento 360\u00ba sin la necesidad de cambiar de posici\u00f3n o moverte del lugar en donde est\u00e1s.<\/p>\n","protected":false},"excerpt":{"rendered":"<p>La selecci\u00f3n de una silla adecuada es muy importante para prevenir futuras lesiones. Con esta silla Magnux, tendr\u00e1s la comodidad y el bienestar que necesitas a lo largo de tu jornada. Adem\u00e1s, puedes ubicarla en cualquier parte de tu casa u oficina ya que su dise\u00f1o se adapta a m\u00faltiples entornos. \u00a1Dale a tus espacios &hellip;<\/p>\n<p class=\"read-more\"> <a class=\"\" href=\"https:\/\/magnuxcompany.com\/?product=silla-ejecutiva-magnux-ergonomica-negra-con-tapizado-mesh-color-negro\"> <span class=\"screen-reader-text\">Silla Ejecutiva Magnux Ergon\u00f3mica Negra Con Tapizado Mesh Color Negro<\/span> Leer m\u00e1s &raquo;<\/a><\/p>\n","protected":false},"featured_media":1301,"comment_status":"open","ping_status":"closed","template":"","meta":{"site-sidebar-layout":"default","site-content-layout":"","ast-site-content-layout":"default","site-content-style":"default","site-sidebar-style":"default","ast-global-header-display":"","ast-banner-title-visibility":"","ast-main-header-display":"","ast-hfb-above-header-display":"","ast-hfb-below-header-display":"","ast-hfb-mobile-header-display":"","site-post-title":"","ast-breadcrumbs-content":"","ast-featured-img":"","footer-sml-layout":"","theme-transparent-header-meta":"default","adv-header-id-meta":"","stick-header-meta":"","header-above-stick-meta":"","header-main-stick-meta":"","header-below-stick-meta":"","astra-migrate-meta-layouts":"set","ast-page-background-enabled":"default","ast-page-background-meta":{"desktop":{"background-color":"var(--ast-global-color-4)","background-image":"","background-repeat":"repeat","background-position":"center center","background-size":"auto","background-attachment":"scroll","background-type":"","background-media":"","overlay-type":"","overlay-color":"","overlay-gradient":""},"tablet":{"background-color":"","background-image":"","background-repeat":"repeat","background-position":"center center","background-size":"auto","background-attachment":"scroll","background-type":"","background-media":"","overlay-type":"","overlay-color":"","overlay-gradient":""},"mobile":{"background-color":"","background-image":"","background-repeat":"repeat","background-position":"center center","background-size":"auto","background-attachment":"scroll","background-type":"","background-media":"","overlay-type":"","overlay-color":"","overlay-gradient":""}},"ast-content-background-meta":{"desktop":{"background-color":"var(--ast-global-color-5)","background-image":"","background-repeat":"repeat","background-position":"center center","background-size":"auto","background-attachment":"scroll","background-type":"","background-media":"","overlay-type":"","overlay-color":"","overlay-gradient":""},"tablet":{"background-color":"var(--ast-global-color-5)","background-image":"","background-repeat":"repeat","background-position":"center center","background-size":"auto","background-attachment":"scroll","background-type":"","background-media":"","overlay-type":"","overlay-color":"","overlay-gradient":""},"mobile":{"background-color":"var(--ast-global-color-5)","background-image":"","background-repeat":"repeat","background-position":"center center","background-size":"auto","background-attachment":"scroll","background-type":"","background-media":"","overlay-type":"","overlay-color":"","overlay-gradient":""}},"_joinchat":[]},"product_cat":[21],"product_tag":[],"jetpack_sharing_enabled":true,"_links":{"self":[{"href":"https:\/\/magnuxcompany.com\/index.php?rest_route=\/wp\/v2\/product\/1290"}],"collection":[{"href":"https:\/\/magnuxcompany.com\/index.php?rest_route=\/wp\/v2\/product"}],"about":[{"href":"https:\/\/magnuxcompany.com\/index.php?rest_route=\/wp\/v2\/types\/product"}],"replies":[{"embeddable":true,"href":"https:\/\/magnuxcompany.com\/index.php?rest_route=%2Fwp%2Fv2%2Fcomments&post=1290"}],"version-history":[{"count":1,"href":"https:\/\/magnuxcompany.com\/index.php?rest_route=\/wp\/v2\/product\/1290\/revisions"}],"predecessor-version":[{"id":1299,"href":"https:\/\/magnuxcompany.com\/index.php?rest_route=\/wp\/v2\/product\/1290\/revisions\/1299"}],"wp:featuredmedia":[{"embeddable":true,"href":"https:\/\/magnuxcompany.com\/index.php?rest_route=\/wp\/v2\/media\/1301"}],"wp:attachment":[{"href":"https:\/\/magnuxcompany.com\/index.php?rest_route=%2Fwp%2Fv2%2Fmedia&parent=1290"}],"wp:term":[{"taxonomy":"product_cat","embeddable":true,"href":"https:\/\/magnuxcompany.com\/index.php?rest_route=%2Fwp%2Fv2%2Fproduct_cat&post=1290"},{"taxonomy":"product_tag","embeddable":true,"href":"https:\/\/magnuxcompany.com\/index.php?rest_route=%2Fwp%2Fv2%2Fproduct_tag&post=1290"}],"curies":[{"name":"wp","href":"https:\/\/api.w.org\/{rel}","templated":true}]}}