{"id":1334,"date":"2025-09-04T21:21:37","date_gmt":"2025-09-04T21:21:37","guid":{"rendered":"https:\/\/magnuxcompany.com\/?post_type=product&#038;p=1334"},"modified":"2026-03-10T13:10:14","modified_gmt":"2026-03-10T13:10:14","slug":"trampolin-magnux-saltarin-brinca-brinca-grande-capacidad-300kg","status":"publish","type":"product","link":"https:\/\/magnuxcompany.com\/?product=trampolin-magnux-saltarin-brinca-brinca-grande-capacidad-300kg","title":{"rendered":"Trampolin Magnux Saltarin Brinca Brinca Grande Capacidad 300kg"},"content":{"rendered":"<p><strong>*** TRAMPOL\u00cdN SALTAR\u00cdN ***<\/strong><br \/>\n<strong>AZUL\/VERDE.<\/strong><\/p>\n<p>Trampol\u00edn saltar\u00edn brinca brinca di\u00e1metro 2,80 metros<br \/>\nSe entrega en su caja sellada<\/p>\n<p>Alta Resistencia Ideal Para Uso Comercial<\/p>\n<p>Dimensi\u00f3n del producto armado:<br \/>\nDi\u00e1metro, ancho total: 2,80 metros<br \/>\nAltura total: 2,05 metros<\/p>\n<p>Capacidad: 300kg (2 adultos \/\/\/ 7 a 9 ni\u00f1os)<\/p>\n<p>Material estructura en acero galvanizado, material inoxidable de Calidad Superior<\/p>\n<p>Alfombra el\u00e1stica reforzada con costuras de 8 filas para Alta Resistencia<\/p>\n<p>El producto se entrega en caja sellada, completo, para armar y usar tal y como se ve en las im\u00e1genes<\/p>\n<p>Armado f\u00e1cil, se entrega con manual de instrucciones<\/p>\n<p>Incluye malla superior protectora<br \/>\nY funda espuma de protecci\u00f3n sobre los resortes<br \/>\nSe entrega completo tal como se ve en las im\u00e1genes<\/p>\n","protected":false},"excerpt":{"rendered":"<p>*** TRAMPOL\u00cdN SALTAR\u00cdN *** AZUL\/VERDE. Trampol\u00edn saltar\u00edn brinca brinca di\u00e1metro 2,80 metros Se entrega en su caja sellada Alta Resistencia Ideal Para Uso Comercial Dimensi\u00f3n del producto armado: Di\u00e1metro, ancho total: 2,80 metros Altura total: 2,05 metros Capacidad: 300kg (2 adultos \/\/\/ 7 a 9 ni\u00f1os) Material estructura en acero galvanizado, material inoxidable de Calidad &hellip;<\/p>\n<p class=\"read-more\"> <a class=\"\" href=\"https:\/\/magnuxcompany.com\/?product=trampolin-magnux-saltarin-brinca-brinca-grande-capacidad-300kg\"> <span class=\"screen-reader-text\">Trampolin Magnux Saltarin Brinca Brinca Grande Capacidad 300kg<\/span> Leer m\u00e1s &raquo;<\/a><\/p>\n","protected":false},"featured_media":1335,"comment_status":"open","ping_status":"closed","template":"","meta":{"site-sidebar-layout":"default","site-content-layout":"","ast-site-content-layout":"default","site-content-style":"default","site-sidebar-style":"default","ast-global-header-display":"","ast-banner-title-visibility":"","ast-main-header-display":"","ast-hfb-above-header-display":"","ast-hfb-below-header-display":"","ast-hfb-mobile-header-display":"","site-post-title":"","ast-breadcrumbs-content":"","ast-featured-img":"","footer-sml-layout":"","theme-transparent-header-meta":"default","adv-header-id-meta":"","stick-header-meta":"","header-above-stick-meta":"","header-main-stick-meta":"","header-below-stick-meta":"","astra-migrate-meta-layouts":"set","ast-page-background-enabled":"default","ast-page-background-meta":{"desktop":{"background-color":"var(--ast-global-color-4)","background-image":"","background-repeat":"repeat","background-position":"center center","background-size":"auto","background-attachment":"scroll","background-type":"","background-media":"","overlay-type":"","overlay-color":"","overlay-gradient":""},"tablet":{"background-color":"","background-image":"","background-repeat":"repeat","background-position":"center center","background-size":"auto","background-attachment":"scroll","background-type":"","background-media":"","overlay-type":"","overlay-color":"","overlay-gradient":""},"mobile":{"background-color":"","background-image":"","background-repeat":"repeat","background-position":"center center","background-size":"auto","background-attachment":"scroll","background-type":"","background-media":"","overlay-type":"","overlay-color":"","overlay-gradient":""}},"ast-content-background-meta":{"desktop":{"background-color":"var(--ast-global-color-5)","background-image":"","background-repeat":"repeat","background-position":"center center","background-size":"auto","background-attachment":"scroll","background-type":"","background-media":"","overlay-type":"","overlay-color":"","overlay-gradient":""},"tablet":{"background-color":"var(--ast-global-color-5)","background-image":"","background-repeat":"repeat","background-position":"center center","background-size":"auto","background-attachment":"scroll","background-type":"","background-media":"","overlay-type":"","overlay-color":"","overlay-gradient":""},"mobile":{"background-color":"var(--ast-global-color-5)","background-image":"","background-repeat":"repeat","background-position":"center center","background-size":"auto","background-attachment":"scroll","background-type":"","background-media":"","overlay-type":"","overlay-color":"","overlay-gradient":""}},"_joinchat":{"telephone":"+573235156311"}},"product_cat":[23],"product_tag":[],"jetpack_sharing_enabled":true,"_links":{"self":[{"href":"https:\/\/magnuxcompany.com\/index.php?rest_route=\/wp\/v2\/product\/1334"}],"collection":[{"href":"https:\/\/magnuxcompany.com\/index.php?rest_route=\/wp\/v2\/product"}],"about":[{"href":"https:\/\/magnuxcompany.com\/index.php?rest_route=\/wp\/v2\/types\/product"}],"replies":[{"embeddable":true,"href":"https:\/\/magnuxcompany.com\/index.php?rest_route=%2Fwp%2Fv2%2Fcomments&post=1334"}],"version-history":[{"count":1,"href":"https:\/\/magnuxcompany.com\/index.php?rest_route=\/wp\/v2\/product\/1334\/revisions"}],"predecessor-version":[{"id":1345,"href":"https:\/\/magnuxcompany.com\/index.php?rest_route=\/wp\/v2\/product\/1334\/revisions\/1345"}],"wp:featuredmedia":[{"embeddable":true,"href":"https:\/\/magnuxcompany.com\/index.php?rest_route=\/wp\/v2\/media\/1335"}],"wp:attachment":[{"href":"https:\/\/magnuxcompany.com\/index.php?rest_route=%2Fwp%2Fv2%2Fmedia&parent=1334"}],"wp:term":[{"taxonomy":"product_cat","embeddable":true,"href":"https:\/\/magnuxcompany.com\/index.php?rest_route=%2Fwp%2Fv2%2Fproduct_cat&post=1334"},{"taxonomy":"product_tag","embeddable":true,"href":"https:\/\/magnuxcompany.com\/index.php?rest_route=%2Fwp%2Fv2%2Fproduct_tag&post=1334"}],"curies":[{"name":"wp","href":"https:\/\/api.w.org\/{rel}","templated":true}]}}