{"id":1346,"date":"2025-09-04T21:26:10","date_gmt":"2025-09-04T21:26:10","guid":{"rendered":"https:\/\/magnuxcompany.com\/?post_type=product&#038;p=1346"},"modified":"2026-04-19T15:55:52","modified_gmt":"2026-04-19T15:55:52","slug":"kit-de-pesas-40-kg-magnux-ejercicio-mancuernas-set-mancuernas-gratis-guantes-y-munequeras","status":"publish","type":"product","link":"https:\/\/magnuxcompany.com\/?product=kit-de-pesas-40-kg-magnux-ejercicio-mancuernas-set-mancuernas-gratis-guantes-y-munequeras","title":{"rendered":"Kit De Pesas 40 KG Magnux Ejercicio Mancuernas Set Mancuernas Gratis Guantes Y Mu\u00f1equeras"},"content":{"rendered":"<p>KIT MANCUERNAS\u00a0 40 KG MAGNUX<\/p>\n<p>\u00a1RECIBES TAL CUAL LO QUE VES EN LAS FOTOS!<\/p>\n<p>Realiza tu rutina de ejercicio con un set de mancuernas que combina calidad con un precio accesible.<\/p>\n<p>El entrenamiento con pesas es efectivo en el desarrollo de la fuerza, la salud y el estado f\u00edsico, adem\u00e1s de ser beneficioso para la rehabilitaci\u00f3n. Fortalece y moldea los m\u00fasculos, y es m\u00e1s eficiente en la reducci\u00f3n de grasa corporal en comparaci\u00f3n con actividades como el ciclismo, la nataci\u00f3n o el running.<\/p>\n<p>CONTENIDO:<\/p>\n<p>\u2022 Set de mancuernas con barra ergon\u00f3mica y cierres en forma de estrella para un entrenamiento de pesas en casa.<\/p>\n<p>\u2022 Barras de pesas s\u00f3lidas con una uni\u00f3n para convertir las 2 mancuernas en una barra larga, permitiendo trabajar diferentes grupos musculares.<\/p>\n<p>\u2022 Superficies de agarre antideslizantes de aprox. 40 cm cada una.<\/p>\n<p>\u2022 Cierres de rosca\/cierres de estrella con anillos pl\u00e1sticos para mantener los discos de pesas seguros en las barras.<\/p>\n<p>\u2022 Asas antideslizantes para evitar deslizamientos durante el entrenamiento.<\/p>\n<p>\u2022 Barras con dos roscas trapeciales robustas para una fijaci\u00f3n segura de los discos.<\/p>\n<p>\u2022 Discos de pesas recubiertos en pl\u00e1stico para proteger el suelo y mantener la integridad del disco, reduciendo el ruido al colocar las pesas en el suelo.<\/p>\n<p>El kit es multifuncional.<\/p>\n","protected":false},"excerpt":{"rendered":"<p>KIT MANCUERNAS\u00a0 40 KG MAGNUX \u00a1RECIBES TAL CUAL LO QUE VES EN LAS FOTOS! Realiza tu rutina de ejercicio con un set de mancuernas que combina calidad con un precio accesible. El entrenamiento con pesas es efectivo en el desarrollo de la fuerza, la salud y el estado f\u00edsico, adem\u00e1s de ser beneficioso para la &hellip;<\/p>\n<p class=\"read-more\"> <a class=\"\" href=\"https:\/\/magnuxcompany.com\/?product=kit-de-pesas-40-kg-magnux-ejercicio-mancuernas-set-mancuernas-gratis-guantes-y-munequeras\"> <span class=\"screen-reader-text\">Kit De Pesas 40 KG Magnux Ejercicio Mancuernas Set Mancuernas Gratis Guantes Y Mu\u00f1equeras<\/span> Leer m\u00e1s &raquo;<\/a><\/p>\n","protected":false},"featured_media":1347,"comment_status":"open","ping_status":"closed","template":"","meta":{"site-sidebar-layout":"default","site-content-layout":"","ast-site-content-layout":"default","site-content-style":"default","site-sidebar-style":"default","ast-global-header-display":"","ast-banner-title-visibility":"","ast-main-header-display":"","ast-hfb-above-header-display":"","ast-hfb-below-header-display":"","ast-hfb-mobile-header-display":"","site-post-title":"","ast-breadcrumbs-content":"","ast-featured-img":"","footer-sml-layout":"","theme-transparent-header-meta":"default","adv-header-id-meta":"","stick-header-meta":"","header-above-stick-meta":"","header-main-stick-meta":"","header-below-stick-meta":"","astra-migrate-meta-layouts":"set","ast-page-background-enabled":"default","ast-page-background-meta":{"desktop":{"background-color":"var(--ast-global-color-4)","background-image":"","background-repeat":"repeat","background-position":"center center","background-size":"auto","background-attachment":"scroll","background-type":"","background-media":"","overlay-type":"","overlay-color":"","overlay-gradient":""},"tablet":{"background-color":"","background-image":"","background-repeat":"repeat","background-position":"center center","background-size":"auto","background-attachment":"scroll","background-type":"","background-media":"","overlay-type":"","overlay-color":"","overlay-gradient":""},"mobile":{"background-color":"","background-image":"","background-repeat":"repeat","background-position":"center center","background-size":"auto","background-attachment":"scroll","background-type":"","background-media":"","overlay-type":"","overlay-color":"","overlay-gradient":""}},"ast-content-background-meta":{"desktop":{"background-color":"var(--ast-global-color-5)","background-image":"","background-repeat":"repeat","background-position":"center center","background-size":"auto","background-attachment":"scroll","background-type":"","background-media":"","overlay-type":"","overlay-color":"","overlay-gradient":""},"tablet":{"background-color":"var(--ast-global-color-5)","background-image":"","background-repeat":"repeat","background-position":"center center","background-size":"auto","background-attachment":"scroll","background-type":"","background-media":"","overlay-type":"","overlay-color":"","overlay-gradient":""},"mobile":{"background-color":"var(--ast-global-color-5)","background-image":"","background-repeat":"repeat","background-position":"center center","background-size":"auto","background-attachment":"scroll","background-type":"","background-media":"","overlay-type":"","overlay-color":"","overlay-gradient":""}},"_joinchat":[]},"product_cat":[23],"product_tag":[],"jetpack_sharing_enabled":true,"_links":{"self":[{"href":"https:\/\/magnuxcompany.com\/index.php?rest_route=\/wp\/v2\/product\/1346"}],"collection":[{"href":"https:\/\/magnuxcompany.com\/index.php?rest_route=\/wp\/v2\/product"}],"about":[{"href":"https:\/\/magnuxcompany.com\/index.php?rest_route=\/wp\/v2\/types\/product"}],"replies":[{"embeddable":true,"href":"https:\/\/magnuxcompany.com\/index.php?rest_route=%2Fwp%2Fv2%2Fcomments&post=1346"}],"version-history":[{"count":2,"href":"https:\/\/magnuxcompany.com\/index.php?rest_route=\/wp\/v2\/product\/1346\/revisions"}],"predecessor-version":[{"id":1353,"href":"https:\/\/magnuxcompany.com\/index.php?rest_route=\/wp\/v2\/product\/1346\/revisions\/1353"}],"wp:featuredmedia":[{"embeddable":true,"href":"https:\/\/magnuxcompany.com\/index.php?rest_route=\/wp\/v2\/media\/1347"}],"wp:attachment":[{"href":"https:\/\/magnuxcompany.com\/index.php?rest_route=%2Fwp%2Fv2%2Fmedia&parent=1346"}],"wp:term":[{"taxonomy":"product_cat","embeddable":true,"href":"https:\/\/magnuxcompany.com\/index.php?rest_route=%2Fwp%2Fv2%2Fproduct_cat&post=1346"},{"taxonomy":"product_tag","embeddable":true,"href":"https:\/\/magnuxcompany.com\/index.php?rest_route=%2Fwp%2Fv2%2Fproduct_tag&post=1346"}],"curies":[{"name":"wp","href":"https:\/\/api.w.org\/{rel}","templated":true}]}}