{"id":1376,"date":"2025-09-04T21:42:19","date_gmt":"2025-09-04T21:42:19","guid":{"rendered":"https:\/\/magnuxcompany.com\/?post_type=product&#038;p=1376"},"modified":"2026-03-11T10:12:55","modified_gmt":"2026-03-11T10:12:55","slug":"aspiradora-magnux-vertical-mano-hogar-carro-inalambrica-limpiadora","status":"publish","type":"product","link":"https:\/\/magnuxcompany.com\/?product=aspiradora-magnux-vertical-mano-hogar-carro-inalambrica-limpiadora","title":{"rendered":"Aspiradora Magnux Vertical Mano Hogar Carro Inalambrica Limpiadora"},"content":{"rendered":"<p>Aspiradora inal\u00e1mbrica para el hogar y el coche con dise\u00f1o port\u00e1til y sin cables, permite limpiar con facilidad y sin restricciones. Funciona con un nivel de ruido inferior a 70 dB, asegurando una limpieza silenciosa.<\/p>\n<p>Equipada con una bater\u00eda de alta capacidad y carga r\u00e1pida, ofrece 25 a 30 minutos de limpieza continua con una sola carga completa. Posee una potente succi\u00f3n de 3500 PA, capaz de eliminar cabellos, residuos de alimentos, cenizas de cigarrillos y otros desechos, as\u00ed como \u00e1caros y part\u00edculas en sof\u00e1s y alfombras.<\/p>\n<p>Incluye accesorios multifuncionales para adaptarse a diversas necesidades de limpieza, desde estrechar huecos hasta limpiar l\u00edquidos derramados y alcanzar lugares dif\u00edciles.<\/p>\n<p>Nota: No incluye cable de carga, compatible con cables de carga de celulares comunes.<\/p>\n","protected":false},"excerpt":{"rendered":"<p>Aspiradora inal\u00e1mbrica para el hogar y el coche con dise\u00f1o port\u00e1til y sin cables, permite limpiar con facilidad y sin restricciones. Funciona con un nivel de ruido inferior a 70 dB, asegurando una limpieza silenciosa. Equipada con una bater\u00eda de alta capacidad y carga r\u00e1pida, ofrece 25 a 30 minutos de limpieza continua con una &hellip;<\/p>\n<p class=\"read-more\"> <a class=\"\" href=\"https:\/\/magnuxcompany.com\/?product=aspiradora-magnux-vertical-mano-hogar-carro-inalambrica-limpiadora\"> <span class=\"screen-reader-text\">Aspiradora Magnux Vertical Mano Hogar Carro Inalambrica Limpiadora<\/span> Leer m\u00e1s &raquo;<\/a><\/p>\n","protected":false},"featured_media":1377,"comment_status":"open","ping_status":"closed","template":"","meta":{"site-sidebar-layout":"default","site-content-layout":"","ast-site-content-layout":"default","site-content-style":"default","site-sidebar-style":"default","ast-global-header-display":"","ast-banner-title-visibility":"","ast-main-header-display":"","ast-hfb-above-header-display":"","ast-hfb-below-header-display":"","ast-hfb-mobile-header-display":"","site-post-title":"","ast-breadcrumbs-content":"","ast-featured-img":"","footer-sml-layout":"","theme-transparent-header-meta":"default","adv-header-id-meta":"","stick-header-meta":"","header-above-stick-meta":"","header-main-stick-meta":"","header-below-stick-meta":"","astra-migrate-meta-layouts":"set","ast-page-background-enabled":"default","ast-page-background-meta":{"desktop":{"background-color":"var(--ast-global-color-4)","background-image":"","background-repeat":"repeat","background-position":"center center","background-size":"auto","background-attachment":"scroll","background-type":"","background-media":"","overlay-type":"","overlay-color":"","overlay-gradient":""},"tablet":{"background-color":"","background-image":"","background-repeat":"repeat","background-position":"center center","background-size":"auto","background-attachment":"scroll","background-type":"","background-media":"","overlay-type":"","overlay-color":"","overlay-gradient":""},"mobile":{"background-color":"","background-image":"","background-repeat":"repeat","background-position":"center center","background-size":"auto","background-attachment":"scroll","background-type":"","background-media":"","overlay-type":"","overlay-color":"","overlay-gradient":""}},"ast-content-background-meta":{"desktop":{"background-color":"var(--ast-global-color-5)","background-image":"","background-repeat":"repeat","background-position":"center center","background-size":"auto","background-attachment":"scroll","background-type":"","background-media":"","overlay-type":"","overlay-color":"","overlay-gradient":""},"tablet":{"background-color":"var(--ast-global-color-5)","background-image":"","background-repeat":"repeat","background-position":"center center","background-size":"auto","background-attachment":"scroll","background-type":"","background-media":"","overlay-type":"","overlay-color":"","overlay-gradient":""},"mobile":{"background-color":"var(--ast-global-color-5)","background-image":"","background-repeat":"repeat","background-position":"center center","background-size":"auto","background-attachment":"scroll","background-type":"","background-media":"","overlay-type":"","overlay-color":"","overlay-gradient":""}},"_joinchat":[]},"product_cat":[21],"product_tag":[],"jetpack_sharing_enabled":true,"_links":{"self":[{"href":"https:\/\/magnuxcompany.com\/index.php?rest_route=\/wp\/v2\/product\/1376"}],"collection":[{"href":"https:\/\/magnuxcompany.com\/index.php?rest_route=\/wp\/v2\/product"}],"about":[{"href":"https:\/\/magnuxcompany.com\/index.php?rest_route=\/wp\/v2\/types\/product"}],"replies":[{"embeddable":true,"href":"https:\/\/magnuxcompany.com\/index.php?rest_route=%2Fwp%2Fv2%2Fcomments&post=1376"}],"version-history":[{"count":1,"href":"https:\/\/magnuxcompany.com\/index.php?rest_route=\/wp\/v2\/product\/1376\/revisions"}],"predecessor-version":[{"id":1386,"href":"https:\/\/magnuxcompany.com\/index.php?rest_route=\/wp\/v2\/product\/1376\/revisions\/1386"}],"wp:featuredmedia":[{"embeddable":true,"href":"https:\/\/magnuxcompany.com\/index.php?rest_route=\/wp\/v2\/media\/1377"}],"wp:attachment":[{"href":"https:\/\/magnuxcompany.com\/index.php?rest_route=%2Fwp%2Fv2%2Fmedia&parent=1376"}],"wp:term":[{"taxonomy":"product_cat","embeddable":true,"href":"https:\/\/magnuxcompany.com\/index.php?rest_route=%2Fwp%2Fv2%2Fproduct_cat&post=1376"},{"taxonomy":"product_tag","embeddable":true,"href":"https:\/\/magnuxcompany.com\/index.php?rest_route=%2Fwp%2Fv2%2Fproduct_tag&post=1376"}],"curies":[{"name":"wp","href":"https:\/\/api.w.org\/{rel}","templated":true}]}}