{"id":364,"date":"2023-12-11T15:50:04","date_gmt":"2023-12-11T15:50:04","guid":{"rendered":"https:\/\/magnuxcompany.com\/?post_type=product&#038;p=364"},"modified":"2026-04-29T22:27:43","modified_gmt":"2026-04-29T22:27:43","slug":"parlante-bose-l1-pro8-portatil-con-bluetooth-negra-100v-240v","status":"publish","type":"product","link":"https:\/\/magnuxcompany.com\/?product=parlante-bose-l1-pro8-portatil-con-bluetooth-negra-100v-240v","title":{"rendered":"Parlante Bose L1 Pro8 port\u00e1til con bluetooth negra 100V\/240V"},"content":{"rendered":"<p>La marca Bose trabaja desde 1964 con una misi\u00f3n clara: pensar las mayores soluciones y crear los mejores productos para ayudar a que las personas disfruten de aquello que aman. El foco en la innovaci\u00f3n sumado a la pasi\u00f3n y al trabajo meticuloso de sus profesionales te brindar\u00e1n una experiencia diferente cuando uses este parlante.<\/p>\n<p>Sistema line-array<br \/>\nEsta tecnolog\u00eda ofrece una potencia inigualable, al mismo tiempo que asegura una cobertura amplia y uniforme en todos los extremos de la sala. Sea en una presentaci\u00f3n, reuni\u00f3n o conferencia la dispersi\u00f3n \u00f3ptima del sonido har\u00e1 que quienes oyen se sientan parte de un ambiente ac\u00fastico envolvente.<\/p>\n<p>Gran potencia<br \/>\nDisfrutar de sonidos graves o de baja frecuencia con una calidad excelente ser\u00e1 posible con este parlante de tipo subwoofer, incluso cuando subas el volumen.<\/p>\n<p>Olv\u00eddate del amplificador<br \/>\nAl ser activa solo necesitar\u00e1s conectarla a la fuente de sonido y el mismo equipo se encargar\u00e1 de amplificar y reproducir: ganar\u00e1s practicidad y espacio, ya que adem\u00e1s requiere menos cableado que una pasiva. Es la soluci\u00f3n m\u00e1s conveniente si quieres producir m\u00fasica en tu casa o en un estudio, y tambi\u00e9n para DJs.<\/p>\n<p>Apto para aire libre<br \/>\n\u00dasalo en donde quieras, este dispositivo est\u00e1 dise\u00f1ado para que tengas el mejor sonido siempre, tanto en interiores como en exteriores.<\/p>\n","protected":false},"excerpt":{"rendered":"<p>La marca Bose trabaja desde 1964 con una misi\u00f3n clara: pensar las mayores soluciones y crear los mejores productos para ayudar a que las personas disfruten de aquello que aman. El foco en la innovaci\u00f3n sumado a la pasi\u00f3n y al trabajo meticuloso de sus profesionales te brindar\u00e1n una experiencia diferente cuando uses este parlante. &hellip;<\/p>\n<p class=\"read-more\"> <a class=\"\" href=\"https:\/\/magnuxcompany.com\/?product=parlante-bose-l1-pro8-portatil-con-bluetooth-negra-100v-240v\"> <span class=\"screen-reader-text\">Parlante Bose L1 Pro8 port\u00e1til con bluetooth negra 100V\/240V<\/span> Leer m\u00e1s &raquo;<\/a><\/p>\n","protected":false},"featured_media":365,"comment_status":"open","ping_status":"closed","template":"","meta":{"site-sidebar-layout":"default","site-content-layout":"","ast-site-content-layout":"default","site-content-style":"default","site-sidebar-style":"default","ast-global-header-display":"","ast-banner-title-visibility":"","ast-main-header-display":"","ast-hfb-above-header-display":"","ast-hfb-below-header-display":"","ast-hfb-mobile-header-display":"","site-post-title":"","ast-breadcrumbs-content":"","ast-featured-img":"","footer-sml-layout":"","theme-transparent-header-meta":"default","adv-header-id-meta":"","stick-header-meta":"","header-above-stick-meta":"","header-main-stick-meta":"","header-below-stick-meta":"","astra-migrate-meta-layouts":"set","ast-page-background-enabled":"default","ast-page-background-meta":{"desktop":{"background-color":"var(--ast-global-color-4)","background-image":"","background-repeat":"repeat","background-position":"center center","background-size":"auto","background-attachment":"scroll","background-type":"","background-media":"","overlay-type":"","overlay-color":"","overlay-gradient":""},"tablet":{"background-color":"","background-image":"","background-repeat":"repeat","background-position":"center center","background-size":"auto","background-attachment":"scroll","background-type":"","background-media":"","overlay-type":"","overlay-color":"","overlay-gradient":""},"mobile":{"background-color":"","background-image":"","background-repeat":"repeat","background-position":"center center","background-size":"auto","background-attachment":"scroll","background-type":"","background-media":"","overlay-type":"","overlay-color":"","overlay-gradient":""}},"ast-content-background-meta":{"desktop":{"background-color":"var(--ast-global-color-5)","background-image":"","background-repeat":"repeat","background-position":"center center","background-size":"auto","background-attachment":"scroll","background-type":"","background-media":"","overlay-type":"","overlay-color":"","overlay-gradient":""},"tablet":{"background-color":"var(--ast-global-color-5)","background-image":"","background-repeat":"repeat","background-position":"center center","background-size":"auto","background-attachment":"scroll","background-type":"","background-media":"","overlay-type":"","overlay-color":"","overlay-gradient":""},"mobile":{"background-color":"var(--ast-global-color-5)","background-image":"","background-repeat":"repeat","background-position":"center center","background-size":"auto","background-attachment":"scroll","background-type":"","background-media":"","overlay-type":"","overlay-color":"","overlay-gradient":""}},"_joinchat":[]},"product_cat":[22],"product_tag":[],"jetpack_sharing_enabled":true,"_links":{"self":[{"href":"https:\/\/magnuxcompany.com\/index.php?rest_route=\/wp\/v2\/product\/364"}],"collection":[{"href":"https:\/\/magnuxcompany.com\/index.php?rest_route=\/wp\/v2\/product"}],"about":[{"href":"https:\/\/magnuxcompany.com\/index.php?rest_route=\/wp\/v2\/types\/product"}],"replies":[{"embeddable":true,"href":"https:\/\/magnuxcompany.com\/index.php?rest_route=%2Fwp%2Fv2%2Fcomments&post=364"}],"version-history":[{"count":1,"href":"https:\/\/magnuxcompany.com\/index.php?rest_route=\/wp\/v2\/product\/364\/revisions"}],"predecessor-version":[{"id":1211,"href":"https:\/\/magnuxcompany.com\/index.php?rest_route=\/wp\/v2\/product\/364\/revisions\/1211"}],"wp:featuredmedia":[{"embeddable":true,"href":"https:\/\/magnuxcompany.com\/index.php?rest_route=\/wp\/v2\/media\/365"}],"wp:attachment":[{"href":"https:\/\/magnuxcompany.com\/index.php?rest_route=%2Fwp%2Fv2%2Fmedia&parent=364"}],"wp:term":[{"taxonomy":"product_cat","embeddable":true,"href":"https:\/\/magnuxcompany.com\/index.php?rest_route=%2Fwp%2Fv2%2Fproduct_cat&post=364"},{"taxonomy":"product_tag","embeddable":true,"href":"https:\/\/magnuxcompany.com\/index.php?rest_route=%2Fwp%2Fv2%2Fproduct_tag&post=364"}],"curies":[{"name":"wp","href":"https:\/\/api.w.org\/{rel}","templated":true}]}}