{"id":367,"date":"2023-12-11T15:57:30","date_gmt":"2023-12-11T15:57:30","guid":{"rendered":"https:\/\/magnuxcompany.com\/?post_type=product&#038;p=367"},"modified":"2026-01-31T11:56:24","modified_gmt":"2026-01-31T11:56:24","slug":"kit-de-pesas-ejercicio-mancuernas-juego-de-pesas-termoforrad","status":"publish","type":"product","link":"https:\/\/magnuxcompany.com\/?product=kit-de-pesas-ejercicio-mancuernas-juego-de-pesas-termoforrad","title":{"rendered":"KIT20KG &#8211; Kit De Pesas Ejercicio Mancuernas Juego De Pesas Termoforrad"},"content":{"rendered":"<p>\u00a1LOGRA TUS OBJETIVOS CON EL KIT DE MANCUERNAS VERS\u00c1TIL MARCA MAGNUX Y DIVERSIFICA TUS ENTRENOS!<\/p>\n<p>\u00bfNECESITAS FACTURA ELECTR\u00d3NICA?<br \/>\nRecuerda que para emitir la factura electr\u00f3nica tienes un plazo m\u00e1ximo de 10 d\u00edas calendario despu\u00e9s de recibida la compra para solicitarla. Debes enviarnos los siguientes datos: nombre\/raz\u00f3n social, CC\/NIT, direcci\u00f3n y correo.<\/p>\n<p>Ahora realizar tu rutina de ejercicio ser\u00e1 m\u00e1s f\u00e1cil, ya que cuentas con uno de los mejores set de mancuernas calidad\/precio.<\/p>\n<p>El entrenamiento con pesas es uno de los deportes de fuerza m\u00e1s eficaces, es muy bueno en el \u00e1rea de la salud, para el buen estado f\u00edsico y tambi\u00e9n para la rehabilitaci\u00f3n.<\/p>\n<p>Los m\u00fasculos se fortalecen y simult\u00e1neamente se moldean con el uso de las pesas. Por lo tanto, un entrenamiento de pesas no tiene s\u00f3lo un efecto deportivo sino tambi\u00e9n un efecto est\u00e9tico. Con el entrenamiento de pesas la grasa corporal se reduce m\u00e1s eficientemente que, por ejemplo, con el ciclismo, la nataci\u00f3n o las salidas a correr.<\/p>\n<p>Te presentamos nuestro set de mancuernas de 20 KG con barra ergon\u00f3mica y cierres en forma de estrella.<\/p>\n<p>PODR\u00c1S TENER:<br \/>\n\u2022 Un entrenamiento profesional de pesas en casa.<br \/>\n\u2022 Barras de pesas s\u00f3lidas con una uni\u00f3n para convertir las 2 mancuernas en una barra larga y poder trabajar otros m\u00fasculos.<br \/>\n\u2022 Superficies de agarre antideslizantes de aprox. 40 cm cada una.<br \/>\n\u2022 Cierres de rosca\/cierres de estrella con anillos pl\u00e1sticos para asegurar que los discos de pesas est\u00e9n siempre firmemente unidos a las barras.<br \/>\n\u2022 Asas antideslizantes &#8211; esto evitar\u00e1 que las manos se deslicen durante el entrenamiento. Cada una de las barras tienen dos roscas trapeciales robustas (para una fijaci\u00f3n segura de los discos)<br \/>\n\u2022 Discos de pesas termo forrados en pl\u00e1stico para proteger el suelo y la integridad estructural del disco (de esta manera, se evita tambi\u00e9n el ruido molesto cuando las pesas son puestas en el suelo).<\/p>\n<p>En total son 12 discos, TODO SUMA 20KG.<br \/>\n4 Discos de 2 KG<br \/>\n4 Discos de 1.5 KG<br \/>\n4 Discos de 1.25 KG<br \/>\n4 Seguros de Estrella<br \/>\n2 Mancuernas Antideslizantes (barras cortas, que juntas forman de 30- 35 cm APROXIMADAMENTE) + la barra conectora larga APROX de 50 cm. Todo medir\u00eda de 80-90 cms APROX (Pesa 1 kg)<\/p>\n","protected":false},"excerpt":{"rendered":"<p>\u00a1LOGRA TUS OBJETIVOS CON EL KIT DE MANCUERNAS VERS\u00c1TIL MARCA MAGNUX Y DIVERSIFICA TUS ENTRENOS! \u00bfNECESITAS FACTURA ELECTR\u00d3NICA? Recuerda que para emitir la factura electr\u00f3nica tienes un plazo m\u00e1ximo de 10 d\u00edas calendario despu\u00e9s de recibida la compra para solicitarla. Debes enviarnos los siguientes datos: nombre\/raz\u00f3n social, CC\/NIT, direcci\u00f3n y correo. Ahora realizar tu rutina &hellip;<\/p>\n<p class=\"read-more\"> <a class=\"\" href=\"https:\/\/magnuxcompany.com\/?product=kit-de-pesas-ejercicio-mancuernas-juego-de-pesas-termoforrad\"> <span class=\"screen-reader-text\">KIT20KG &#8211; Kit De Pesas Ejercicio Mancuernas Juego De Pesas Termoforrad<\/span> Leer m\u00e1s &raquo;<\/a><\/p>\n","protected":false},"featured_media":374,"comment_status":"open","ping_status":"closed","template":"","meta":{"site-sidebar-layout":"default","site-content-layout":"","ast-site-content-layout":"default","site-content-style":"default","site-sidebar-style":"default","ast-global-header-display":"","ast-banner-title-visibility":"","ast-main-header-display":"","ast-hfb-above-header-display":"","ast-hfb-below-header-display":"","ast-hfb-mobile-header-display":"","site-post-title":"","ast-breadcrumbs-content":"","ast-featured-img":"","footer-sml-layout":"","theme-transparent-header-meta":"default","adv-header-id-meta":"","stick-header-meta":"","header-above-stick-meta":"","header-main-stick-meta":"","header-below-stick-meta":"","astra-migrate-meta-layouts":"set","ast-page-background-enabled":"default","ast-page-background-meta":{"desktop":{"background-color":"var(--ast-global-color-4)","background-image":"","background-repeat":"repeat","background-position":"center center","background-size":"auto","background-attachment":"scroll","background-type":"","background-media":"","overlay-type":"","overlay-color":"","overlay-gradient":""},"tablet":{"background-color":"","background-image":"","background-repeat":"repeat","background-position":"center center","background-size":"auto","background-attachment":"scroll","background-type":"","background-media":"","overlay-type":"","overlay-color":"","overlay-gradient":""},"mobile":{"background-color":"","background-image":"","background-repeat":"repeat","background-position":"center center","background-size":"auto","background-attachment":"scroll","background-type":"","background-media":"","overlay-type":"","overlay-color":"","overlay-gradient":""}},"ast-content-background-meta":{"desktop":{"background-color":"var(--ast-global-color-5)","background-image":"","background-repeat":"repeat","background-position":"center center","background-size":"auto","background-attachment":"scroll","background-type":"","background-media":"","overlay-type":"","overlay-color":"","overlay-gradient":""},"tablet":{"background-color":"var(--ast-global-color-5)","background-image":"","background-repeat":"repeat","background-position":"center center","background-size":"auto","background-attachment":"scroll","background-type":"","background-media":"","overlay-type":"","overlay-color":"","overlay-gradient":""},"mobile":{"background-color":"var(--ast-global-color-5)","background-image":"","background-repeat":"repeat","background-position":"center center","background-size":"auto","background-attachment":"scroll","background-type":"","background-media":"","overlay-type":"","overlay-color":"","overlay-gradient":""}},"_joinchat":[]},"product_cat":[23],"product_tag":[],"jetpack_sharing_enabled":true,"_links":{"self":[{"href":"https:\/\/magnuxcompany.com\/index.php?rest_route=\/wp\/v2\/product\/367"}],"collection":[{"href":"https:\/\/magnuxcompany.com\/index.php?rest_route=\/wp\/v2\/product"}],"about":[{"href":"https:\/\/magnuxcompany.com\/index.php?rest_route=\/wp\/v2\/types\/product"}],"replies":[{"embeddable":true,"href":"https:\/\/magnuxcompany.com\/index.php?rest_route=%2Fwp%2Fv2%2Fcomments&post=367"}],"version-history":[{"count":3,"href":"https:\/\/magnuxcompany.com\/index.php?rest_route=\/wp\/v2\/product\/367\/revisions"}],"predecessor-version":[{"id":1038,"href":"https:\/\/magnuxcompany.com\/index.php?rest_route=\/wp\/v2\/product\/367\/revisions\/1038"}],"wp:featuredmedia":[{"embeddable":true,"href":"https:\/\/magnuxcompany.com\/index.php?rest_route=\/wp\/v2\/media\/374"}],"wp:attachment":[{"href":"https:\/\/magnuxcompany.com\/index.php?rest_route=%2Fwp%2Fv2%2Fmedia&parent=367"}],"wp:term":[{"taxonomy":"product_cat","embeddable":true,"href":"https:\/\/magnuxcompany.com\/index.php?rest_route=%2Fwp%2Fv2%2Fproduct_cat&post=367"},{"taxonomy":"product_tag","embeddable":true,"href":"https:\/\/magnuxcompany.com\/index.php?rest_route=%2Fwp%2Fv2%2Fproduct_tag&post=367"}],"curies":[{"name":"wp","href":"https:\/\/api.w.org\/{rel}","templated":true}]}}