{"id":376,"date":"2023-12-12T17:20:12","date_gmt":"2023-12-12T17:20:12","guid":{"rendered":"https:\/\/magnuxcompany.com\/?post_type=product&#038;p=376"},"modified":"2026-04-03T19:23:33","modified_gmt":"2026-04-03T19:23:33","slug":"radio-carro-bluetooth-camara-usb-sd-pantalla-7-hd-mod-2020","status":"publish","type":"product","link":"https:\/\/magnuxcompany.com\/?product=radio-carro-bluetooth-camara-usb-sd-pantalla-7-hd-mod-2020","title":{"rendered":"BT911 COMPATIBLE CAM &#8211; Radio Carro Bluetooth Usb Sd Pantalla 7 Hd Mod 2024"},"content":{"rendered":"<p>SOMOS MAGNUX COMPANY<\/p>\n<p>\u00bfNECESITAS FACTURA ELECTR\u00d3NICA?<br \/>\nRecuerda que para emitir la factura electr\u00f3nica tienes un plazo m\u00e1ximo de 10 d\u00edas calendario despu\u00e9s de recibida la compra para solicitarla. Debes enviarnos los siguientes datos: nombre\/raz\u00f3n social, CC\/NIT, direcci\u00f3n y correo.<\/p>\n<p>\u00a1GRATIS CONTROL AL MANDO NO INCLUYE C\u00c1MARA DE REVERSA!<br \/>\nSI INCLUYE MARCO O BISEL QUE ES LO MISMO<\/p>\n<p>RADIO MODELO 2024 100% TOUCH, CON TECNOLOG\u00cdA DE IPHONE EN PANTALLA.<br \/>\nPUEDES MANIPULAR FUNCIONES DE TU CELULAR DESDE EL RADIO.<\/p>\n<p>&nbsp;<\/p>\n<p>PUEDE LLEGARTE EL SISTEMA OPERATIVO DE LA PRIMERA FOTO O DE LA TERCERA FOTO, ESO DEPENDE DE NUESTRO STOCK; REFERENCIAS MAGNUX BT911, 7018, 7880.<br \/>\n&#8212;&#8212;&#8212;&#8212; ESTA PROMOCI\u00d3N VA SOLO HASTA AGOTAR INVENTARIO &#8212;&#8212;&#8211;<\/p>\n<p>&#8212; RECIBE MARCO TOTALMENTE GRATIS PARA QUE NO TE QUEDEN ESPACIOS EN LA INSTALACI\u00d3N.<br \/>\n&#8212; RECIBE BASES MET\u00c1LICAS GRATIS PARA FIJAR TU RADIO,<br \/>\n&#8212; RECIBE DOS CONTROLES; CUADRADO Y DE MANDO AL TIM\u00d3N. TOTALMENTE GRATIS.<br \/>\n&#8211;\u00a1\u00a1ENTREGA INMEDIATA!!<\/p>\n<p>ASESORAMOS GRATIS PARA TU VEH\u00cdCULO, SOMOS ESPECIALIZADOS EN CAR AUDIO.<\/p>\n<p>*******GRAN PROMOCI\u00d3N******* ULTIMAS UNIDADES***** APROVECHA ESTE PRECIO POR TIEMPO LIMITADO, ACCESORIOS QUE SE VEN EN LA FOTO + ENV\u00cdO GRATIS!!!<\/p>\n<p>&#8211;ESTE RADIO TRAE CONVERTIDOR TIPO ANDROID &#8211; MIRRORLINK (HASTA ANDROID 12 Y IPHONE 5, 6, 7, 8 PLUS O NO PLUS)<br \/>\nPRESTA ATENCI\u00d3N; CONECTAS TU CELULAR Y TODO LO QUE VEAS EN TU CELULAR LO PUEDES VER EN EL RADIO Y POR MEDIO DEL CABLE USB VER APLICACIONES COMO UBER, NETFLIX, FACEBOOK, WHATSSAP, YOUTUBE, ENTRE OTRAS. PODR\u00c1S DISFRUTARLAS SIN NING\u00daN PROBLEMA SIEMPRE Y CUANDO EST\u00c9N INSTALADAS EN TU TEL\u00c9FONO<\/p>\n<p>Panel de elegante dise\u00f1o<br \/>\nDoble din<br \/>\nPantalla t\u00e1ctil de 7 pulgadas<br \/>\nBluetooth<br \/>\nPantalla a color<br \/>\nControl de volumen y CONTROL DE CABRILLA; ES DECIR 2 CONTROLES,<br \/>\nMARCO<br \/>\nBASES MET\u00c1LICAS<br \/>\nCAJA<br \/>\nMANUAL<br \/>\nPACHAS<br \/>\nEntrada y salida audio<br \/>\nReproduce v\u00eddeos, pel\u00edculas, m\u00fasica<br \/>\nSoporta disco duro externo<br \/>\nSoporta c\u00e1mara de reversa<br \/>\nFormatos de audio soportados: MP3, WMA, ACC, OGG, FLAC, APE, WAV.<br \/>\nFormatos de video soportados: RM, RMVB, ASF, MKV, DIVX, MPEG4, AVI, VOB.<br \/>\nMirrorlink hasta android 12<br \/>\nSoporta mirrorlink iphone 6, 7 y 8<br \/>\nSirve como manos libres<br \/>\nFunci\u00f3n reloj<br \/>\nFacil instalaci\u00f3n (Debe hacerlo una persona con conocimiento)<br \/>\nVideo salida unidireccional<br \/>\nControl ecualizador manual y preestablecido<br \/>\nLector de memoria micro sd<br \/>\nMemoria usb<br \/>\nControl remoto<br \/>\nRadio fm stereo digital con b\u00fasqueda y reserva autom\u00e1tica<\/p>\n<p>Por tu compra recibes:<br \/>\nRadio para carro LCD 7&#8243; Negro Doble DIN MODELO 2022<br \/>\nCable de alimentaci\u00f3n para ser instalado<br \/>\nControl Remoto TRADICIONAL Y DE MANDO AL TIM\u00d3N, O SEA 2 CONTROLES\u00a0 \u00a0 \u00a0 \u00a0 \u00a0 \u00a0 \u00a0 \u00a0 \u00a0 \u00a0 \u00a0 \u00a0 \u00a0 \u00a0 \u00a0 \u00a0 \u00a0 \u00a0 \u00a0 C\u00e1mara de reversa con sus accesorios de instalaci\u00f3n.\u00a0 \u00a0 \u00a0 \u00a0 \u00a0 \u00a0 \u00a0 \u00a0 \u00a0 \u00a0 \u00a0 \u00a0 \u00a0 \u00a0 \u00a0 \u00a0 \u00a0 \u00a0 \u00a0 \u00a0 \u00a0 \u00a0 \u00a0 \u00a0 \u00a0 \u00a0 \u00a0 \u00a0 \u00a0 \u00a0 \u00a0 \u00a0 \u00a0 \u00a0 \u00a0 \u00a0 \u00a0 \u00a0 \u00a0 \u00a0 \u00a0 \u00a0 \u00a0 \u00a0 \u00a0 \u00a0 \u00a0 \u00a0 \u00a0 \u00a0 \u00a0 \u00a0 \u00a0 Manual<br \/>\nSe manejan varias ref, te puede llegar cualquiera; BT911, 7880, 7018.<\/p>\n<p>Garant\u00eda un mes por defectos de fabricaci\u00f3n; no cubre golpes, rayones, humedad y mala instalaci\u00f3n por parte del cliente, por ejemplo: que conecte el cable rosado mal \u00bfqu\u00e9 es mal? que lo conecte a una masa del carro o a alg\u00fan cable del parlante o a alg\u00fan cable que no sea el que sale del RCA de la c\u00e1mara de reversa de color rojo, sino que sale directo del stop trasero y hace masa, esto, quemar\u00e1 el radio y har\u00e1 que no prenda. Tampoco se da garant\u00eda si se evidencia una mala instalaci\u00f3n, como por ejemplo, los cables positivos conectados a masa o los negativos puestos a un cable conectado a 12voltios. Por otro lado, si en su instalaci\u00f3n ha conectado el radio y no ha usado ning\u00fan tipo de aislante como cinta negra o termo encogible, esto hace que su garant\u00eda se pierda. Tambi\u00e9n si son manipulados los stickers de seguridad y se evidencia que el radio ha sido destapado autom\u00e1ticamente pierde la garant\u00eda. O una mala manipulaci\u00f3n del comprador. Tampoco es necesario aterrizar la imagen que se refiere a conectar el cable rosado no a la c\u00e1mara, esto quemar\u00e1 el radio, no lo dejar\u00e1 prender. Tampoco cubre pixeles muertos, ya que esto se debe a golpes o apretones que se ocasionan por una mala manipulaci\u00f3n y se convierten en puntos no visibles que terminan en l\u00edneas.<br \/>\nNo incluye cable USB, no se brinda garant\u00eda por accesorios del radio ya que estos se pueden caer mojar, golpear, etc.<\/p>\n<p>\u00a1Importante! ya que este producto es un producto tecnol\u00f3gico cada comprador debe asesorarse o investigar sobre su uso para el gozo y disfrute del producto. La tienda no se hace responsable si el comprador no lo sabe usar.<\/p>\n<p>Garant\u00eda del vendedor: 30 d\u00edas<\/p>\n","protected":false},"excerpt":{"rendered":"<p>SOMOS MAGNUX COMPANY \u00bfNECESITAS FACTURA ELECTR\u00d3NICA? Recuerda que para emitir la factura electr\u00f3nica tienes un plazo m\u00e1ximo de 10 d\u00edas calendario despu\u00e9s de recibida la compra para solicitarla. Debes enviarnos los siguientes datos: nombre\/raz\u00f3n social, CC\/NIT, direcci\u00f3n y correo. \u00a1GRATIS CONTROL AL MANDO NO INCLUYE C\u00c1MARA DE REVERSA! SI INCLUYE MARCO O BISEL QUE ES &hellip;<\/p>\n<p class=\"read-more\"> <a class=\"\" href=\"https:\/\/magnuxcompany.com\/?product=radio-carro-bluetooth-camara-usb-sd-pantalla-7-hd-mod-2020\"> <span class=\"screen-reader-text\">BT911 COMPATIBLE CAM &#8211; Radio Carro Bluetooth Usb Sd Pantalla 7 Hd Mod 2024<\/span> Leer m\u00e1s &raquo;<\/a><\/p>\n","protected":false},"featured_media":386,"comment_status":"open","ping_status":"closed","template":"","meta":{"site-sidebar-layout":"default","site-content-layout":"","ast-site-content-layout":"default","site-content-style":"default","site-sidebar-style":"default","ast-global-header-display":"","ast-banner-title-visibility":"","ast-main-header-display":"","ast-hfb-above-header-display":"","ast-hfb-below-header-display":"","ast-hfb-mobile-header-display":"","site-post-title":"","ast-breadcrumbs-content":"","ast-featured-img":"","footer-sml-layout":"","theme-transparent-header-meta":"default","adv-header-id-meta":"","stick-header-meta":"","header-above-stick-meta":"","header-main-stick-meta":"","header-below-stick-meta":"","astra-migrate-meta-layouts":"set","ast-page-background-enabled":"default","ast-page-background-meta":{"desktop":{"background-color":"var(--ast-global-color-4)","background-image":"","background-repeat":"repeat","background-position":"center center","background-size":"auto","background-attachment":"scroll","background-type":"","background-media":"","overlay-type":"","overlay-color":"","overlay-gradient":""},"tablet":{"background-color":"","background-image":"","background-repeat":"repeat","background-position":"center center","background-size":"auto","background-attachment":"scroll","background-type":"","background-media":"","overlay-type":"","overlay-color":"","overlay-gradient":""},"mobile":{"background-color":"","background-image":"","background-repeat":"repeat","background-position":"center center","background-size":"auto","background-attachment":"scroll","background-type":"","background-media":"","overlay-type":"","overlay-color":"","overlay-gradient":""}},"ast-content-background-meta":{"desktop":{"background-color":"var(--ast-global-color-5)","background-image":"","background-repeat":"repeat","background-position":"center center","background-size":"auto","background-attachment":"scroll","background-type":"","background-media":"","overlay-type":"","overlay-color":"","overlay-gradient":""},"tablet":{"background-color":"var(--ast-global-color-5)","background-image":"","background-repeat":"repeat","background-position":"center center","background-size":"auto","background-attachment":"scroll","background-type":"","background-media":"","overlay-type":"","overlay-color":"","overlay-gradient":""},"mobile":{"background-color":"var(--ast-global-color-5)","background-image":"","background-repeat":"repeat","background-position":"center center","background-size":"auto","background-attachment":"scroll","background-type":"","background-media":"","overlay-type":"","overlay-color":"","overlay-gradient":""}},"_joinchat":[]},"product_cat":[25],"product_tag":[],"jetpack_sharing_enabled":true,"_links":{"self":[{"href":"https:\/\/magnuxcompany.com\/index.php?rest_route=\/wp\/v2\/product\/376"}],"collection":[{"href":"https:\/\/magnuxcompany.com\/index.php?rest_route=\/wp\/v2\/product"}],"about":[{"href":"https:\/\/magnuxcompany.com\/index.php?rest_route=\/wp\/v2\/types\/product"}],"replies":[{"embeddable":true,"href":"https:\/\/magnuxcompany.com\/index.php?rest_route=%2Fwp%2Fv2%2Fcomments&post=376"}],"version-history":[{"count":6,"href":"https:\/\/magnuxcompany.com\/index.php?rest_route=\/wp\/v2\/product\/376\/revisions"}],"predecessor-version":[{"id":1165,"href":"https:\/\/magnuxcompany.com\/index.php?rest_route=\/wp\/v2\/product\/376\/revisions\/1165"}],"wp:featuredmedia":[{"embeddable":true,"href":"https:\/\/magnuxcompany.com\/index.php?rest_route=\/wp\/v2\/media\/386"}],"wp:attachment":[{"href":"https:\/\/magnuxcompany.com\/index.php?rest_route=%2Fwp%2Fv2%2Fmedia&parent=376"}],"wp:term":[{"taxonomy":"product_cat","embeddable":true,"href":"https:\/\/magnuxcompany.com\/index.php?rest_route=%2Fwp%2Fv2%2Fproduct_cat&post=376"},{"taxonomy":"product_tag","embeddable":true,"href":"https:\/\/magnuxcompany.com\/index.php?rest_route=%2Fwp%2Fv2%2Fproduct_tag&post=376"}],"curies":[{"name":"wp","href":"https:\/\/api.w.org\/{rel}","templated":true}]}}