{"id":478,"date":"2023-12-13T15:58:23","date_gmt":"2023-12-13T15:58:23","guid":{"rendered":"https:\/\/magnuxcompany.com\/?post_type=product&#038;p=478"},"modified":"2025-10-08T20:58:51","modified_gmt":"2025-10-08T20:58:51","slug":"mesa-plegable-mesa-portafolio-mesa-exterior-jardin","status":"publish","type":"product","link":"https:\/\/magnuxcompany.com\/?product=mesa-plegable-mesa-portafolio-mesa-exterior-jardin","title":{"rendered":"Mesa Plegable Mesa Portafolio Mesa Exterior Jard\u00edn"},"content":{"rendered":"<p>\u00a1MESA PLEGABLE TIPO MALET\u00cdN &#8211; COLOR BLANCO!<\/p>\n<p>Esta mesa plegable es ligera, robusta, resistente y de f\u00e1cil mantenimiento.<br \/>\n\u00a1Perfecta para interiores o exteriores!<\/p>\n<p>Tiene patas abatibles para facilitar su transporte y almacenamiento.<\/p>\n<p>Cuenta con dise\u00f1o de cerrado tipo portafolio, de modo que es muy f\u00e1cil de almacenar, transportar e instalar.<\/p>\n<p>\u00dasala como mesa Auxiliar para el interior o exterior de tu hogar, para recibir invitados adicionales, acampar, fiestas, picnics, eventos y mucho m\u00e1s.<\/p>\n<p>ESPECIFICACIONES:<\/p>\n<p>&#8211; Medidas: 180 x 74 x 74 cm.<\/p>\n<p>&#8211; Tablero fabricado en polietileno de alta densidad, material muy resistente y duradero, con protecci\u00f3n frente a los rayos solares.<\/p>\n<p>&#8211; Estructura realizada en acero pintado color gris.<\/p>\n<p>&#8211; Cuenta con cierre de seguridad para ajustar su total apertura y evitar que la mesa se cierre. Las patas tambi\u00e9n cuentan con sistema de seguridad, para que estas no se cierren de forma involuntaria.<\/p>\n<p>&#8211; Puede ser usado tanto en interiores como exteriores, los materiales usados pueden soportar las inclemencias climatol\u00f3gicas.<\/p>\n<p>&#8211; Gracias a sus patas plegables puede ser almacenada de forma facil y sencilla, ya que una vez plegada tan solo ocupa 7,7 cm. de grosor. Ademas cuenta con un c\u00f3modo asa para facilitar su transporte.<\/p>\n<p>&#8211; Puede ser utilizada en cualquier evento \/ comida familiar, como comidas navide\u00f1as, celebraciones de cumplea\u00f1os, se puede llevar a la playa, piscina, camping, terrazas, patios, jardin, barbacoas, etc.<\/p>\n<p>&#8211; Articulo conocido como mesa auxiliar, mesa celebraciones, mesa auxiliar plegable, mesa eventos, mesa tipo catering.<\/p>\n<p>Garant\u00eda del vendedor: 1 meses<\/p>\n","protected":false},"excerpt":{"rendered":"<p>\u00a1MESA PLEGABLE TIPO MALET\u00cdN &#8211; COLOR BLANCO! Esta mesa plegable es ligera, robusta, resistente y de f\u00e1cil mantenimiento. \u00a1Perfecta para interiores o exteriores! Tiene patas abatibles para facilitar su transporte y almacenamiento. Cuenta con dise\u00f1o de cerrado tipo portafolio, de modo que es muy f\u00e1cil de almacenar, transportar e instalar. \u00dasala como mesa Auxiliar para &hellip;<\/p>\n<p class=\"read-more\"> <a class=\"\" href=\"https:\/\/magnuxcompany.com\/?product=mesa-plegable-mesa-portafolio-mesa-exterior-jardin\"> <span class=\"screen-reader-text\">Mesa Plegable Mesa Portafolio Mesa Exterior Jard\u00edn<\/span> Leer m\u00e1s &raquo;<\/a><\/p>\n","protected":false},"featured_media":488,"comment_status":"open","ping_status":"closed","template":"","meta":{"site-sidebar-layout":"default","site-content-layout":"","ast-site-content-layout":"default","site-content-style":"default","site-sidebar-style":"default","ast-global-header-display":"","ast-banner-title-visibility":"","ast-main-header-display":"","ast-hfb-above-header-display":"","ast-hfb-below-header-display":"","ast-hfb-mobile-header-display":"","site-post-title":"","ast-breadcrumbs-content":"","ast-featured-img":"","footer-sml-layout":"","theme-transparent-header-meta":"default","adv-header-id-meta":"","stick-header-meta":"","header-above-stick-meta":"","header-main-stick-meta":"","header-below-stick-meta":"","astra-migrate-meta-layouts":"set","ast-page-background-enabled":"default","ast-page-background-meta":{"desktop":{"background-color":"var(--ast-global-color-4)","background-image":"","background-repeat":"repeat","background-position":"center center","background-size":"auto","background-attachment":"scroll","background-type":"","background-media":"","overlay-type":"","overlay-color":"","overlay-gradient":""},"tablet":{"background-color":"","background-image":"","background-repeat":"repeat","background-position":"center center","background-size":"auto","background-attachment":"scroll","background-type":"","background-media":"","overlay-type":"","overlay-color":"","overlay-gradient":""},"mobile":{"background-color":"","background-image":"","background-repeat":"repeat","background-position":"center center","background-size":"auto","background-attachment":"scroll","background-type":"","background-media":"","overlay-type":"","overlay-color":"","overlay-gradient":""}},"ast-content-background-meta":{"desktop":{"background-color":"var(--ast-global-color-5)","background-image":"","background-repeat":"repeat","background-position":"center center","background-size":"auto","background-attachment":"scroll","background-type":"","background-media":"","overlay-type":"","overlay-color":"","overlay-gradient":""},"tablet":{"background-color":"var(--ast-global-color-5)","background-image":"","background-repeat":"repeat","background-position":"center center","background-size":"auto","background-attachment":"scroll","background-type":"","background-media":"","overlay-type":"","overlay-color":"","overlay-gradient":""},"mobile":{"background-color":"var(--ast-global-color-5)","background-image":"","background-repeat":"repeat","background-position":"center center","background-size":"auto","background-attachment":"scroll","background-type":"","background-media":"","overlay-type":"","overlay-color":"","overlay-gradient":""}},"_joinchat":[]},"product_cat":[21],"product_tag":[],"jetpack_sharing_enabled":true,"_links":{"self":[{"href":"https:\/\/magnuxcompany.com\/index.php?rest_route=\/wp\/v2\/product\/478"}],"collection":[{"href":"https:\/\/magnuxcompany.com\/index.php?rest_route=\/wp\/v2\/product"}],"about":[{"href":"https:\/\/magnuxcompany.com\/index.php?rest_route=\/wp\/v2\/types\/product"}],"replies":[{"embeddable":true,"href":"https:\/\/magnuxcompany.com\/index.php?rest_route=%2Fwp%2Fv2%2Fcomments&post=478"}],"version-history":[{"count":1,"href":"https:\/\/magnuxcompany.com\/index.php?rest_route=\/wp\/v2\/product\/478\/revisions"}],"predecessor-version":[{"id":934,"href":"https:\/\/magnuxcompany.com\/index.php?rest_route=\/wp\/v2\/product\/478\/revisions\/934"}],"wp:featuredmedia":[{"embeddable":true,"href":"https:\/\/magnuxcompany.com\/index.php?rest_route=\/wp\/v2\/media\/488"}],"wp:attachment":[{"href":"https:\/\/magnuxcompany.com\/index.php?rest_route=%2Fwp%2Fv2%2Fmedia&parent=478"}],"wp:term":[{"taxonomy":"product_cat","embeddable":true,"href":"https:\/\/magnuxcompany.com\/index.php?rest_route=%2Fwp%2Fv2%2Fproduct_cat&post=478"},{"taxonomy":"product_tag","embeddable":true,"href":"https:\/\/magnuxcompany.com\/index.php?rest_route=%2Fwp%2Fv2%2Fproduct_tag&post=478"}],"curies":[{"name":"wp","href":"https:\/\/api.w.org\/{rel}","templated":true}]}}