{"id":489,"date":"2023-12-13T16:12:26","date_gmt":"2023-12-13T16:12:26","guid":{"rendered":"https:\/\/magnuxcompany.com\/?post_type=product&#038;p=489"},"modified":"2025-09-03T17:54:31","modified_gmt":"2025-09-03T17:54:31","slug":"kit-4-sillas-charles-eames-madera-eiffel","status":"publish","type":"product","link":"https:\/\/magnuxcompany.com\/?product=kit-4-sillas-charles-eames-madera-eiffel","title":{"rendered":"Kit 4 Sillas Charles Eames Madera &#8211; Eiffel"},"content":{"rendered":"<p>COLOR BLANCO DISPONIBLE.<\/p>\n<p>\u00bfNECESITAS FACTURA ELECTR\u00d3NICA?<br \/>\nRecuerda que para emitir la factura electr\u00f3nica tienes un plazo m\u00e1ximo de 10 d\u00edas calendario despu\u00e9s de recibida la compra para solicitarla. Debes enviarnos los siguientes datos: nombre\/raz\u00f3n social, CC\/NIT, direcci\u00f3n y correo.<\/p>\n<p>\u00a1SILLA ESTUDIO\/OFICINA\/COMEDOR MODELO EAMES!<\/p>\n<p>Experimenta la elegancia atemporal del conjunto de 4 sillas Eames. Descubre por qu\u00e9 esta ic\u00f3nica silla Eames es una elecci\u00f3n universal en la decoraci\u00f3n de interiores. Su dise\u00f1o minimalista, combinado con un toque de elegancia, se integra armoniosamente en cualquier espacio. La ergonom\u00eda de su dise\u00f1o garantiza la m\u00e1xima comodidad, favoreciendo una postura adecuada para la espalda y la cintura.<\/p>\n<p>Con una base de hierro s\u00f3lido, esta silla ofrece una estabilidad excepcional y un soporte fiable. La estructura robusta est\u00e1 cuidadosamente dise\u00f1ada para resistir el paso del tiempo, asegurando durabilidad y resistencia. Los materiales de alta calidad utilizados en su fabricaci\u00f3n garantizan un producto que perdura.<\/p>\n<p>Aporta vida y estilo a tu hogar u oficina con la fusi\u00f3n de minimalismo y clasicismo que ofrece la silla Eames. Experimenta la fusi\u00f3n perfecta entre est\u00e9tica y funcionalidad en un solo mueble. Adem\u00e1s, respaldamos nuestra calidad con una garant\u00eda de 30 d\u00edas ante cualquier defecto de fabricaci\u00f3n.<\/p>\n<p>CARACTER\u00cdSTICAS PRINCIPALES:<\/p>\n<p>Material de la estructura: polipropileno, madera y metal<br \/>\nTejido del acolchado: Sin tapicer\u00eda<br \/>\nCantidad de sillas por kit: 4<br \/>\nMaterial del asiento: Polipropileno<br \/>\nAltura total: 82 cm<br \/>\nAncho de la silla: 46 cm<br \/>\nMaterial de la base: Madera y acero<br \/>\nProfundidad: 54 cm<br \/>\nPeso soportado: 110 kg<\/p>\n<p>Garant\u00eda solo por defectos de fabricaci\u00f3n, no cubre mala manipulaci\u00f3n.<br \/>\nEs responsabilidad de cada comprador armar y saber armar de forma correcta la silla.<\/p>\n<p>Garant\u00eda del vendedor: 1 meses<\/p>\n","protected":false},"excerpt":{"rendered":"<p>COLOR BLANCO DISPONIBLE. \u00bfNECESITAS FACTURA ELECTR\u00d3NICA? Recuerda que para emitir la factura electr\u00f3nica tienes un plazo m\u00e1ximo de 10 d\u00edas calendario despu\u00e9s de recibida la compra para solicitarla. Debes enviarnos los siguientes datos: nombre\/raz\u00f3n social, CC\/NIT, direcci\u00f3n y correo. \u00a1SILLA ESTUDIO\/OFICINA\/COMEDOR MODELO EAMES! Experimenta la elegancia atemporal del conjunto de 4 sillas Eames. Descubre por &hellip;<\/p>\n<p class=\"read-more\"> <a class=\"\" href=\"https:\/\/magnuxcompany.com\/?product=kit-4-sillas-charles-eames-madera-eiffel\"> <span class=\"screen-reader-text\">Kit 4 Sillas Charles Eames Madera &#8211; Eiffel<\/span> Leer m\u00e1s &raquo;<\/a><\/p>\n","protected":false},"featured_media":493,"comment_status":"open","ping_status":"closed","template":"","meta":{"site-sidebar-layout":"default","site-content-layout":"","ast-site-content-layout":"default","site-content-style":"default","site-sidebar-style":"default","ast-global-header-display":"","ast-banner-title-visibility":"","ast-main-header-display":"","ast-hfb-above-header-display":"","ast-hfb-below-header-display":"","ast-hfb-mobile-header-display":"","site-post-title":"","ast-breadcrumbs-content":"","ast-featured-img":"","footer-sml-layout":"","theme-transparent-header-meta":"default","adv-header-id-meta":"","stick-header-meta":"","header-above-stick-meta":"","header-main-stick-meta":"","header-below-stick-meta":"","astra-migrate-meta-layouts":"set","ast-page-background-enabled":"default","ast-page-background-meta":{"desktop":{"background-color":"var(--ast-global-color-4)","background-image":"","background-repeat":"repeat","background-position":"center center","background-size":"auto","background-attachment":"scroll","background-type":"","background-media":"","overlay-type":"","overlay-color":"","overlay-gradient":""},"tablet":{"background-color":"","background-image":"","background-repeat":"repeat","background-position":"center center","background-size":"auto","background-attachment":"scroll","background-type":"","background-media":"","overlay-type":"","overlay-color":"","overlay-gradient":""},"mobile":{"background-color":"","background-image":"","background-repeat":"repeat","background-position":"center center","background-size":"auto","background-attachment":"scroll","background-type":"","background-media":"","overlay-type":"","overlay-color":"","overlay-gradient":""}},"ast-content-background-meta":{"desktop":{"background-color":"var(--ast-global-color-5)","background-image":"","background-repeat":"repeat","background-position":"center center","background-size":"auto","background-attachment":"scroll","background-type":"","background-media":"","overlay-type":"","overlay-color":"","overlay-gradient":""},"tablet":{"background-color":"var(--ast-global-color-5)","background-image":"","background-repeat":"repeat","background-position":"center center","background-size":"auto","background-attachment":"scroll","background-type":"","background-media":"","overlay-type":"","overlay-color":"","overlay-gradient":""},"mobile":{"background-color":"var(--ast-global-color-5)","background-image":"","background-repeat":"repeat","background-position":"center center","background-size":"auto","background-attachment":"scroll","background-type":"","background-media":"","overlay-type":"","overlay-color":"","overlay-gradient":""}},"_joinchat":[]},"product_cat":[21],"product_tag":[],"jetpack_sharing_enabled":true,"_links":{"self":[{"href":"https:\/\/magnuxcompany.com\/index.php?rest_route=\/wp\/v2\/product\/489"}],"collection":[{"href":"https:\/\/magnuxcompany.com\/index.php?rest_route=\/wp\/v2\/product"}],"about":[{"href":"https:\/\/magnuxcompany.com\/index.php?rest_route=\/wp\/v2\/types\/product"}],"replies":[{"embeddable":true,"href":"https:\/\/magnuxcompany.com\/index.php?rest_route=%2Fwp%2Fv2%2Fcomments&post=489"}],"version-history":[{"count":1,"href":"https:\/\/magnuxcompany.com\/index.php?rest_route=\/wp\/v2\/product\/489\/revisions"}],"predecessor-version":[{"id":930,"href":"https:\/\/magnuxcompany.com\/index.php?rest_route=\/wp\/v2\/product\/489\/revisions\/930"}],"wp:featuredmedia":[{"embeddable":true,"href":"https:\/\/magnuxcompany.com\/index.php?rest_route=\/wp\/v2\/media\/493"}],"wp:attachment":[{"href":"https:\/\/magnuxcompany.com\/index.php?rest_route=%2Fwp%2Fv2%2Fmedia&parent=489"}],"wp:term":[{"taxonomy":"product_cat","embeddable":true,"href":"https:\/\/magnuxcompany.com\/index.php?rest_route=%2Fwp%2Fv2%2Fproduct_cat&post=489"},{"taxonomy":"product_tag","embeddable":true,"href":"https:\/\/magnuxcompany.com\/index.php?rest_route=%2Fwp%2Fv2%2Fproduct_tag&post=489"}],"curies":[{"name":"wp","href":"https:\/\/api.w.org\/{rel}","templated":true}]}}