{"id":572,"date":"2023-12-14T14:02:04","date_gmt":"2023-12-14T14:02:04","guid":{"rendered":"https:\/\/magnuxcompany.com\/?post_type=product&#038;p=572"},"modified":"2025-04-09T21:56:37","modified_gmt":"2025-04-09T21:56:37","slug":"radio-android-9-pantalla-10-pulgadas-wifi-gps-2-din-camara","status":"publish","type":"product","link":"https:\/\/magnuxcompany.com\/?product=radio-android-9-pantalla-10-pulgadas-wifi-gps-2-din-camara","title":{"rendered":"10P2DIN+CAM &#8211; Radio Android 9 Pantalla 10 Pulgadas Wifi Gps 2 Din C\u00e1mara"},"content":{"rendered":"<p>INFORMACI\u00d3N IMPORTANTE:<br \/>\nCOMPRAS A PARTIR DEL 24 DE MAYO DE 2023&#8230;<\/p>\n<p>\u00a1COMPATIBLE CON CARPLAY!<\/p>\n<p>\u00a1MEMORIA Y CAPACIDAD ACTUALIZADA<br \/>\n2G RAM + 32G ROM!<\/p>\n<p>\u00a1RADIO ANDROID PARA CARRO 10 PULGADAS 1 DIN!<br \/>\nSIRVE PARA CARROS CON MEDIDA 1 DIN Y 2 DIN.<br \/>\n\u00a1SOPORTA C\u00c1MARA DE REVERSA INCLUIDA!<\/p>\n<p>CARACTER\u00cdSTICAS PRINCIPALES:<\/p>\n<p>\u2022 Android 11 sistema operativo: compatible con la mayor\u00eda de aplicaciones para Android, s\u00f3lo instalar y experimentar un viaje diferente de conducci\u00f3n.<\/p>\n<p>\u2022 1024 x 600 HD capacitiva pantalla t\u00e1ctil: panel t\u00e1ctil compatible con 5-punto de contacto, ofreciendo una experiencia de usuario m\u00e1s sensible.<\/p>\n<p>\u2022 M\u00f3dulo WiFi: compatible con 802.11 b \/ g \/ n WLAN est\u00e1ndar, que permite conectarse a Internet y descargar m\u00fasica, videos, mapas, etcetera.<\/p>\n<p>\u2022 integrado coche DVR sistema: aproveche la condici\u00f3n de camino con precisi\u00f3n despu\u00e9s de conectar con una c\u00e1mara USB. Los registros se guardar\u00e1n autom\u00e1ticamente en la tarjeta de los medios de comunicaci\u00f3n y pueden reproducirse en esta unidad directamente.<\/p>\n<p>\u2022 Built-in GPS: mapa GPS interno y externo est\u00e1n disponibles para la navegaci\u00f3n por sat\u00e9lite.<\/p>\n<p>\u2022 Enlace espejo: permite para sincronizar la pantalla de tel\u00e9fono m\u00f3vil en el coche mediante conexi\u00f3n con cable USB (hasta android 12, iphone 5, 6, 7, 8, plus o no plus) o punto de acceso (tel\u00e9fonos iOS y Android).<\/p>\n<p>\u2022 FM \/ la funci\u00f3n de radio.<\/p>\n<p>ESPECIFICACIONES T\u00c9CNICAS:<\/p>\n<p>&#8211; Voltaje: DC 9 &#8211; 17V<br \/>\n&#8211; Sistema operativo: Android 9<br \/>\n&#8211; CPU: Quad Core 1.4 GHz<br \/>\n&#8211; ROM: 32 GB<br \/>\n&#8211; RAM: 2 GB<br \/>\n&#8211; Audio: MP3, WMA, WAV, APE, FLAC, etcetera.<br \/>\n&#8211; Video: RM, RMVB, MP4, 3GP, AVI, MKV, etcetera.<br \/>\n&#8211; Imagen: JPG, BMP, PNG, GIF, etcetera.<br \/>\n&#8211; Frecuencias: FM 87.5 &#8211; 108 MHz<br \/>\n&#8211; Idioma: Ingl\u00e9s, Chino, Japon\u00e9s, Afrikaans, alem\u00e1n, estonio, Italiano, Bahasa, dan\u00e9s, Filipino, lituano, croata, H\u00fangaro, holand\u00e9s, noruego, -Polaco, vietnamita, b\u00falgaro, Coreano, esloveno, Franc\u00e9s, espa\u00f1ol, etcetera.<\/p>\n<p>TENER EN CUENTA QUE LOS RADIOS ANDROID NO CUENTAN CON CONTROL REMOTO.<\/p>\n<p>El paquete Incluye:<br \/>\n1 x Reproductor Multimedia Android<br \/>\n1 x Cable entrada video<br \/>\n1 x Cables salida audio y video AV<br \/>\n1 x C\u00e1mara de reversa<br \/>\n2 x Cable Puerto USB<br \/>\n1 x Antena GPS<br \/>\n1 x Manual de usuario<\/p>\n<p>Garant\u00eda solo por defectos de fabricaci\u00f3n, no cubre mala manipulaci\u00f3n. Por favor sea cuidadoso, este radio al tener tantas funciones y oprimirle tantas cosas sin conocimiento de lo que se hace puede hacer que quede sin Wifi en algunas redes o en su totalidad, puede voltearse la pantalla, puede dejarlo sin sonido, puede dejarlo sin imagen, se le puede inhabilitar las funciones de los botones del radio, se le puede desactivar el t\u00e1ctil, etc. RECUERDE que este producto tiene modo desarrollador sin necesidad de ser activado, lo cual quiere decir que si usted inhabilita o habilita funciones que no sabe para que son, estas pueden afectar en el funcionamiento del mismo, por eso es responsabilidad de cada cliente el uso, cuidado y goce del producto.<\/p>\n<p>No se brinda garant\u00eda por pixeles muertos, ya que esto pasa por golpes, apretones y mal uso en la pantalla, empieza con peque\u00f1os puntos casi invisibles y se puede convertir en rayas. No se da garant\u00eda si se evidencia una mala instalaci\u00f3n, como por ejemplo los cables positivos conectados a masa o los negativos colocados a un cable conectado a 12 voltios, por otro lado si en su instalaci\u00f3n usted ha conectado el radio y no ha usado ning\u00fan tipo de aislante como cinta negra o termo encogible, tambi\u00e9n si es manipulado el sticker de seguridad y si se evidencia que el radio ha sido destapado; todo esto hace que su garant\u00eda se pierda. En instalaci\u00f3n: No es necesario aterrizar la imagen.<\/p>\n<p>Garant\u00eda del vendedor: 30 d\u00edas<\/p>\n","protected":false},"excerpt":{"rendered":"<p>INFORMACI\u00d3N IMPORTANTE: COMPRAS A PARTIR DEL 24 DE MAYO DE 2023&#8230; \u00a1COMPATIBLE CON CARPLAY! \u00a1MEMORIA Y CAPACIDAD ACTUALIZADA 2G RAM + 32G ROM! \u00a1RADIO ANDROID PARA CARRO 10 PULGADAS 1 DIN! SIRVE PARA CARROS CON MEDIDA 1 DIN Y 2 DIN. \u00a1SOPORTA C\u00c1MARA DE REVERSA INCLUIDA! CARACTER\u00cdSTICAS PRINCIPALES: \u2022 Android 11 sistema operativo: compatible con &hellip;<\/p>\n<p class=\"read-more\"> <a class=\"\" href=\"https:\/\/magnuxcompany.com\/?product=radio-android-9-pantalla-10-pulgadas-wifi-gps-2-din-camara\"> <span class=\"screen-reader-text\">10P2DIN+CAM &#8211; Radio Android 9 Pantalla 10 Pulgadas Wifi Gps 2 Din C\u00e1mara<\/span> Leer m\u00e1s &raquo;<\/a><\/p>\n","protected":false},"featured_media":574,"comment_status":"open","ping_status":"closed","template":"","meta":{"site-sidebar-layout":"default","site-content-layout":"","ast-site-content-layout":"default","site-content-style":"default","site-sidebar-style":"default","ast-global-header-display":"","ast-banner-title-visibility":"","ast-main-header-display":"","ast-hfb-above-header-display":"","ast-hfb-below-header-display":"","ast-hfb-mobile-header-display":"","site-post-title":"","ast-breadcrumbs-content":"","ast-featured-img":"","footer-sml-layout":"","theme-transparent-header-meta":"default","adv-header-id-meta":"","stick-header-meta":"","header-above-stick-meta":"","header-main-stick-meta":"","header-below-stick-meta":"","astra-migrate-meta-layouts":"set","ast-page-background-enabled":"default","ast-page-background-meta":{"desktop":{"background-color":"var(--ast-global-color-4)","background-image":"","background-repeat":"repeat","background-position":"center center","background-size":"auto","background-attachment":"scroll","background-type":"","background-media":"","overlay-type":"","overlay-color":"","overlay-gradient":""},"tablet":{"background-color":"","background-image":"","background-repeat":"repeat","background-position":"center center","background-size":"auto","background-attachment":"scroll","background-type":"","background-media":"","overlay-type":"","overlay-color":"","overlay-gradient":""},"mobile":{"background-color":"","background-image":"","background-repeat":"repeat","background-position":"center center","background-size":"auto","background-attachment":"scroll","background-type":"","background-media":"","overlay-type":"","overlay-color":"","overlay-gradient":""}},"ast-content-background-meta":{"desktop":{"background-color":"var(--ast-global-color-5)","background-image":"","background-repeat":"repeat","background-position":"center center","background-size":"auto","background-attachment":"scroll","background-type":"","background-media":"","overlay-type":"","overlay-color":"","overlay-gradient":""},"tablet":{"background-color":"var(--ast-global-color-5)","background-image":"","background-repeat":"repeat","background-position":"center center","background-size":"auto","background-attachment":"scroll","background-type":"","background-media":"","overlay-type":"","overlay-color":"","overlay-gradient":""},"mobile":{"background-color":"var(--ast-global-color-5)","background-image":"","background-repeat":"repeat","background-position":"center center","background-size":"auto","background-attachment":"scroll","background-type":"","background-media":"","overlay-type":"","overlay-color":"","overlay-gradient":""}},"_joinchat":[]},"product_cat":[25],"product_tag":[],"jetpack_sharing_enabled":true,"_links":{"self":[{"href":"https:\/\/magnuxcompany.com\/index.php?rest_route=\/wp\/v2\/product\/572"}],"collection":[{"href":"https:\/\/magnuxcompany.com\/index.php?rest_route=\/wp\/v2\/product"}],"about":[{"href":"https:\/\/magnuxcompany.com\/index.php?rest_route=\/wp\/v2\/types\/product"}],"replies":[{"embeddable":true,"href":"https:\/\/magnuxcompany.com\/index.php?rest_route=%2Fwp%2Fv2%2Fcomments&post=572"}],"version-history":[{"count":2,"href":"https:\/\/magnuxcompany.com\/index.php?rest_route=\/wp\/v2\/product\/572\/revisions"}],"predecessor-version":[{"id":1007,"href":"https:\/\/magnuxcompany.com\/index.php?rest_route=\/wp\/v2\/product\/572\/revisions\/1007"}],"wp:featuredmedia":[{"embeddable":true,"href":"https:\/\/magnuxcompany.com\/index.php?rest_route=\/wp\/v2\/media\/574"}],"wp:attachment":[{"href":"https:\/\/magnuxcompany.com\/index.php?rest_route=%2Fwp%2Fv2%2Fmedia&parent=572"}],"wp:term":[{"taxonomy":"product_cat","embeddable":true,"href":"https:\/\/magnuxcompany.com\/index.php?rest_route=%2Fwp%2Fv2%2Fproduct_cat&post=572"},{"taxonomy":"product_tag","embeddable":true,"href":"https:\/\/magnuxcompany.com\/index.php?rest_route=%2Fwp%2Fv2%2Fproduct_tag&post=572"}],"curies":[{"name":"wp","href":"https:\/\/api.w.org\/{rel}","templated":true}]}}