{"id":579,"date":"2023-12-14T14:07:27","date_gmt":"2023-12-14T14:07:27","guid":{"rendered":"https:\/\/magnuxcompany.com\/?post_type=product&#038;p=579"},"modified":"2025-04-09T21:56:03","modified_gmt":"2025-04-09T21:56:03","slug":"radio-android-carro-para-jeep-renegade-2014-2018-gps","status":"publish","type":"product","link":"https:\/\/magnuxcompany.com\/?product=radio-android-carro-para-jeep-renegade-2014-2018-gps","title":{"rendered":"SOL &#8211; Radio Android Carro Para Jeep Renegade 2014-2018 Gps"},"content":{"rendered":"<p>Adecuado para Jeep Renegade 2014 2015 2016 2017 2018<\/p>\n<p>Incluye:<br \/>\nUnidad principal * 1<br \/>\nmarco * 1<br \/>\ncable de alimentaci\u00f3n * 1<br \/>\nCANBUS * 1<br \/>\nALTAVOZ PEQUE\u00d1O * 1<br \/>\nantena GPS * 1<br \/>\ncable USB * 2<br \/>\nantena WIFI * 1<br \/>\nantena Bluetooth * 1<br \/>\ncable de entrada inversa * 1<br \/>\nRegalo: c\u00e1mara trasera * 1<\/p>\n<p>Din: 1 din<br \/>\nPotencia de salida: 4 * 45w<br \/>\nTama\u00f1o de pantalla: 9 pulgadas<br \/>\nCPU: 4 n\u00facleos 1.3ghz<br \/>\nSistema operativo: android<br \/>\nFormato de medio digital: mp3, mp4, wma, jpeg<br \/>\nTipo de material: metal y pl\u00e1stico<br \/>\nResoluci\u00f3n: 1280 * 720<br \/>\nEnlace espejo hasta android 12 y iphone 5 6 7 8 plus o no plus<br \/>\nInternet: WIFI<br \/>\nNavegaci\u00f3n: gps<br \/>\nControles del volante: soporte<br \/>\nmanos libres Bluetooth: soporte<br \/>\nm\u00fasica Bluetooth: soporte<br \/>\nUSB DVR: soporte<br \/>\nC\u00e1mara trasera: compatible con AHD<br \/>\nCaracter\u00edsticas: reproductores MP3<br \/>\nCaracter\u00edsticas: radio FM<br \/>\nCaracter\u00edsticas: pantalla t\u00e1ctil<br \/>\nOSD Idioma: chino (tradicional), espa\u00f1ol, \u00e1rabe, alem\u00e1n, ruso, franc\u00e9s, coreano, portugu\u00e9s, japon\u00e9s, italiano, Ingl\u00e9s y ect.<\/p>\n<p>Garant\u00eda del vendedor: 1 meses<\/p>\n","protected":false},"excerpt":{"rendered":"<p>Adecuado para Jeep Renegade 2014 2015 2016 2017 2018 Incluye: Unidad principal * 1 marco * 1 cable de alimentaci\u00f3n * 1 CANBUS * 1 ALTAVOZ PEQUE\u00d1O * 1 antena GPS * 1 cable USB * 2 antena WIFI * 1 antena Bluetooth * 1 cable de entrada inversa * 1 Regalo: c\u00e1mara trasera * &hellip;<\/p>\n<p class=\"read-more\"> <a class=\"\" href=\"https:\/\/magnuxcompany.com\/?product=radio-android-carro-para-jeep-renegade-2014-2018-gps\"> <span class=\"screen-reader-text\">SOL &#8211; Radio Android Carro Para Jeep Renegade 2014-2018 Gps<\/span> Leer m\u00e1s &raquo;<\/a><\/p>\n","protected":false},"featured_media":582,"comment_status":"open","ping_status":"closed","template":"","meta":{"site-sidebar-layout":"default","site-content-layout":"","ast-site-content-layout":"default","site-content-style":"default","site-sidebar-style":"default","ast-global-header-display":"","ast-banner-title-visibility":"","ast-main-header-display":"","ast-hfb-above-header-display":"","ast-hfb-below-header-display":"","ast-hfb-mobile-header-display":"","site-post-title":"","ast-breadcrumbs-content":"","ast-featured-img":"","footer-sml-layout":"","theme-transparent-header-meta":"default","adv-header-id-meta":"","stick-header-meta":"","header-above-stick-meta":"","header-main-stick-meta":"","header-below-stick-meta":"","astra-migrate-meta-layouts":"set","ast-page-background-enabled":"default","ast-page-background-meta":{"desktop":{"background-color":"var(--ast-global-color-4)","background-image":"","background-repeat":"repeat","background-position":"center center","background-size":"auto","background-attachment":"scroll","background-type":"","background-media":"","overlay-type":"","overlay-color":"","overlay-gradient":""},"tablet":{"background-color":"","background-image":"","background-repeat":"repeat","background-position":"center center","background-size":"auto","background-attachment":"scroll","background-type":"","background-media":"","overlay-type":"","overlay-color":"","overlay-gradient":""},"mobile":{"background-color":"","background-image":"","background-repeat":"repeat","background-position":"center center","background-size":"auto","background-attachment":"scroll","background-type":"","background-media":"","overlay-type":"","overlay-color":"","overlay-gradient":""}},"ast-content-background-meta":{"desktop":{"background-color":"var(--ast-global-color-5)","background-image":"","background-repeat":"repeat","background-position":"center center","background-size":"auto","background-attachment":"scroll","background-type":"","background-media":"","overlay-type":"","overlay-color":"","overlay-gradient":""},"tablet":{"background-color":"var(--ast-global-color-5)","background-image":"","background-repeat":"repeat","background-position":"center center","background-size":"auto","background-attachment":"scroll","background-type":"","background-media":"","overlay-type":"","overlay-color":"","overlay-gradient":""},"mobile":{"background-color":"var(--ast-global-color-5)","background-image":"","background-repeat":"repeat","background-position":"center center","background-size":"auto","background-attachment":"scroll","background-type":"","background-media":"","overlay-type":"","overlay-color":"","overlay-gradient":""}},"_joinchat":[]},"product_cat":[25],"product_tag":[],"jetpack_sharing_enabled":true,"_links":{"self":[{"href":"https:\/\/magnuxcompany.com\/index.php?rest_route=\/wp\/v2\/product\/579"}],"collection":[{"href":"https:\/\/magnuxcompany.com\/index.php?rest_route=\/wp\/v2\/product"}],"about":[{"href":"https:\/\/magnuxcompany.com\/index.php?rest_route=\/wp\/v2\/types\/product"}],"replies":[{"embeddable":true,"href":"https:\/\/magnuxcompany.com\/index.php?rest_route=%2Fwp%2Fv2%2Fcomments&post=579"}],"version-history":[{"count":2,"href":"https:\/\/magnuxcompany.com\/index.php?rest_route=\/wp\/v2\/product\/579\/revisions"}],"predecessor-version":[{"id":1030,"href":"https:\/\/magnuxcompany.com\/index.php?rest_route=\/wp\/v2\/product\/579\/revisions\/1030"}],"wp:featuredmedia":[{"embeddable":true,"href":"https:\/\/magnuxcompany.com\/index.php?rest_route=\/wp\/v2\/media\/582"}],"wp:attachment":[{"href":"https:\/\/magnuxcompany.com\/index.php?rest_route=%2Fwp%2Fv2%2Fmedia&parent=579"}],"wp:term":[{"taxonomy":"product_cat","embeddable":true,"href":"https:\/\/magnuxcompany.com\/index.php?rest_route=%2Fwp%2Fv2%2Fproduct_cat&post=579"},{"taxonomy":"product_tag","embeddable":true,"href":"https:\/\/magnuxcompany.com\/index.php?rest_route=%2Fwp%2Fv2%2Fproduct_tag&post=579"}],"curies":[{"name":"wp","href":"https:\/\/api.w.org\/{rel}","templated":true}]}}