{"id":728,"date":"2023-12-19T17:22:50","date_gmt":"2023-12-19T17:22:50","guid":{"rendered":"https:\/\/magnuxcompany.com\/?post_type=product&#038;p=728"},"modified":"2025-04-09T21:53:40","modified_gmt":"2025-04-09T21:53:40","slug":"radio-nissan-march-2010-2015-android-10-1-9-p-2","status":"publish","type":"product","link":"https:\/\/magnuxcompany.com\/?product=radio-nissan-march-2010-2015-android-10-1-9-p-2","title":{"rendered":"+CAM &#8211; Radio Nissan March 2010-2015 Android 10.1 9 P 2"},"content":{"rendered":"<p>RADIO ESPECIAL PARA NISSAN MARCH &#8211; ANDROID VERSI\u00d3N 11 ACTUALIZADA.<\/p>\n<p>\u00a1COMPRAS A PARTIR DEL 08\/07\/23 SI INCLUYE C\u00c1MARA DE REVERSA!<\/p>\n<p>Con Apoyo formato de audio: MP3 MP2 AAC, OGG, FLAC mono WMA WAV RM AC3;<br \/>\nApoyo formato de video: AVI 3GP\/MP4 MOV MPG MKV WMV RMVB;<br \/>\nSalida de v\u00eddeo de 1 v\u00eda\/salida de Audio de 2 v\u00edas\/salida de v\u00eddeo de 2 v\u00edas\/entrada de Audio de 2 v\u00edas\/ 1 camino de salida de Subwoofer<br \/>\n41 Idioma: INDONESIA Melayu Cestina Denask alem\u00e1n ingl\u00e9s Espa\u00f1a Filipino Francia Italiano POLSKI, portugu\u00e9s ROMANA Svenska Tieng, Vietnam, PYCCKNN, Corea, Jap\u00f3n, Brasil y muchos m\u00e1s<\/p>\n<p>Caracter\u00edsticas:<br \/>\nSistema operativo de Android 11<br \/>\n2 GB de RAM + 32 GB ROM;<br \/>\nPantalla IPS de 9 pulgadas<br \/>\nPantalla de prensa capacitiva, soporte multiprensa;<br \/>\n2.5D de vidrio curvado Bluetooth wifi GPS navegaci\u00f3n radio de coche<br \/>\nBluetooth 4,0 incorporado, libro de tel\u00e9fono, m\u00fasica BT;<br \/>\nWiFi incorporado apoyo WIFI hotspot;<br \/>\nFunci\u00f3n de conexi\u00f3n telef\u00f3nica; radio de navegaci\u00f3n GPS para coche<br \/>\nM\u00f3dulo de Navegaci\u00f3n de modo dual GPS\/br\u00fajula incorporado;<br \/>\n2 puertos USB traseros;<br \/>\nRadio FM incorporado; bluetooth wifi GPS navegaci\u00f3n radio de coche<br \/>\nDecodificaci\u00f3n de audio y v\u00eddeo multiformato, compatible con formato completo 1080 P;<br \/>\nSoporte de entrada de c\u00e1mara de visi\u00f3n trasera<br \/>\nAdmite la descarga, instalaci\u00f3n y desinstalaci\u00f3n de v\u00eddeos de aplicaciones de Internet;<br \/>\nEnlace espejo hasta android 12 y iphone 5 6 7 8 plus o no plus<br \/>\nChip de decodificaci\u00f3n: MTK 8227L<br \/>\nCPU: A7 1,3 GHZ, cuatro n\u00facleos<br \/>\nVoltaje: 12 V<br \/>\nTama\u00f1o de la pantalla: 9 pulgadas<br \/>\nColor: Negro GPS navegaci\u00f3n coche radio<br \/>\nMaterial: pl\u00e1stico + metal GPS navegaci\u00f3n coche radio<\/p>\n<p>Contenido del paquete:<\/p>\n<p>1 * coche Android host<br \/>\n1 * GPS antena<br \/>\n2 * USB cable<br \/>\n1 * cable de alimentaci\u00f3n<br \/>\n1 * cable auxiliar<br \/>\n1 * cable AUX<br \/>\n1 * l\u00ednea de entrada inversa<br \/>\n1 * ver el cable de conexi\u00f3n<br \/>\n2 * soporte de montaje<br \/>\n4 * tornillos de montaje<\/p>\n<p>Garant\u00eda del vendedor: 1 meses<\/p>\n","protected":false},"excerpt":{"rendered":"<p>RADIO ESPECIAL PARA NISSAN MARCH &#8211; ANDROID VERSI\u00d3N 11 ACTUALIZADA. \u00a1COMPRAS A PARTIR DEL 08\/07\/23 SI INCLUYE C\u00c1MARA DE REVERSA! Con Apoyo formato de audio: MP3 MP2 AAC, OGG, FLAC mono WMA WAV RM AC3; Apoyo formato de video: AVI 3GP\/MP4 MOV MPG MKV WMV RMVB; Salida de v\u00eddeo de 1 v\u00eda\/salida de Audio de &hellip;<\/p>\n<p class=\"read-more\"> <a class=\"\" href=\"https:\/\/magnuxcompany.com\/?product=radio-nissan-march-2010-2015-android-10-1-9-p-2\"> <span class=\"screen-reader-text\">+CAM &#8211; Radio Nissan March 2010-2015 Android 10.1 9 P 2<\/span> Leer m\u00e1s &raquo;<\/a><\/p>\n","protected":false},"featured_media":731,"comment_status":"open","ping_status":"closed","template":"","meta":{"site-sidebar-layout":"default","site-content-layout":"","ast-site-content-layout":"default","site-content-style":"default","site-sidebar-style":"default","ast-global-header-display":"","ast-banner-title-visibility":"","ast-main-header-display":"","ast-hfb-above-header-display":"","ast-hfb-below-header-display":"","ast-hfb-mobile-header-display":"","site-post-title":"","ast-breadcrumbs-content":"","ast-featured-img":"","footer-sml-layout":"","theme-transparent-header-meta":"default","adv-header-id-meta":"","stick-header-meta":"","header-above-stick-meta":"","header-main-stick-meta":"","header-below-stick-meta":"","astra-migrate-meta-layouts":"set","ast-page-background-enabled":"default","ast-page-background-meta":{"desktop":{"background-color":"var(--ast-global-color-4)","background-image":"","background-repeat":"repeat","background-position":"center center","background-size":"auto","background-attachment":"scroll","background-type":"","background-media":"","overlay-type":"","overlay-color":"","overlay-gradient":""},"tablet":{"background-color":"","background-image":"","background-repeat":"repeat","background-position":"center center","background-size":"auto","background-attachment":"scroll","background-type":"","background-media":"","overlay-type":"","overlay-color":"","overlay-gradient":""},"mobile":{"background-color":"","background-image":"","background-repeat":"repeat","background-position":"center center","background-size":"auto","background-attachment":"scroll","background-type":"","background-media":"","overlay-type":"","overlay-color":"","overlay-gradient":""}},"ast-content-background-meta":{"desktop":{"background-color":"var(--ast-global-color-5)","background-image":"","background-repeat":"repeat","background-position":"center center","background-size":"auto","background-attachment":"scroll","background-type":"","background-media":"","overlay-type":"","overlay-color":"","overlay-gradient":""},"tablet":{"background-color":"var(--ast-global-color-5)","background-image":"","background-repeat":"repeat","background-position":"center center","background-size":"auto","background-attachment":"scroll","background-type":"","background-media":"","overlay-type":"","overlay-color":"","overlay-gradient":""},"mobile":{"background-color":"var(--ast-global-color-5)","background-image":"","background-repeat":"repeat","background-position":"center center","background-size":"auto","background-attachment":"scroll","background-type":"","background-media":"","overlay-type":"","overlay-color":"","overlay-gradient":""}},"_joinchat":[]},"product_cat":[25],"product_tag":[],"jetpack_sharing_enabled":true,"_links":{"self":[{"href":"https:\/\/magnuxcompany.com\/index.php?rest_route=\/wp\/v2\/product\/728"}],"collection":[{"href":"https:\/\/magnuxcompany.com\/index.php?rest_route=\/wp\/v2\/product"}],"about":[{"href":"https:\/\/magnuxcompany.com\/index.php?rest_route=\/wp\/v2\/types\/product"}],"replies":[{"embeddable":true,"href":"https:\/\/magnuxcompany.com\/index.php?rest_route=%2Fwp%2Fv2%2Fcomments&post=728"}],"version-history":[{"count":2,"href":"https:\/\/magnuxcompany.com\/index.php?rest_route=\/wp\/v2\/product\/728\/revisions"}],"predecessor-version":[{"id":1018,"href":"https:\/\/magnuxcompany.com\/index.php?rest_route=\/wp\/v2\/product\/728\/revisions\/1018"}],"wp:featuredmedia":[{"embeddable":true,"href":"https:\/\/magnuxcompany.com\/index.php?rest_route=\/wp\/v2\/media\/731"}],"wp:attachment":[{"href":"https:\/\/magnuxcompany.com\/index.php?rest_route=%2Fwp%2Fv2%2Fmedia&parent=728"}],"wp:term":[{"taxonomy":"product_cat","embeddable":true,"href":"https:\/\/magnuxcompany.com\/index.php?rest_route=%2Fwp%2Fv2%2Fproduct_cat&post=728"},{"taxonomy":"product_tag","embeddable":true,"href":"https:\/\/magnuxcompany.com\/index.php?rest_route=%2Fwp%2Fv2%2Fproduct_tag&post=728"}],"curies":[{"name":"wp","href":"https:\/\/api.w.org\/{rel}","templated":true}]}}