{"id":742,"date":"2023-12-19T17:38:40","date_gmt":"2023-12-19T17:38:40","guid":{"rendered":"https:\/\/magnuxcompany.com\/?post_type=product&#038;p=742"},"modified":"2025-04-09T21:53:06","modified_gmt":"2025-04-09T21:53:06","slug":"radio-carro-android-9-chevrolet-beat-bluetooth-usb-wifi","status":"publish","type":"product","link":"https:\/\/magnuxcompany.com\/?product=radio-carro-android-9-chevrolet-beat-bluetooth-usb-wifi","title":{"rendered":"+CAM &#8211; Radio Carro Android 9 Chevrolet Beat Bluetooth Usb Wifi"},"content":{"rendered":"<p>RADIO ANDROID VERSI\u00d3N 11<br \/>\nCON APLICACIONES WIFI USB BLUETOOTH<br \/>\nESPECIAL PARA CHEVROLET BEAT CON CONEXION PLUG AND PLAY<br \/>\nRECIBE GRATIS C\u00c1MARA DE REVERSA<\/p>\n<p>Apoyo formato de audio: MP3 MP2 AAC, OGG, FLAC mono WMA WAV RM AC3;<br \/>\nApoyo formato de video: AVI 3GP\/MP4 MOV MPG MKV WMV RMVB;<br \/>\nSalida de v\u00eddeo de 1 v\u00eda\/salida de Audio de 2 v\u00edas\/salida de v\u00eddeo de 2 v\u00edas\/entrada de Audio de 2 v\u00edas\/ 1 camino de salida de Subwoofer<br \/>\n41 Idioma: INDONESIA Melayu Cestina Denask alem\u00e1n ingl\u00e9s Espa\u00f1a Filipino Francia Italiano POLSKI, portugu\u00e9s ROMANA Svenska Tieng, Vietnam, PYCCKNN, Corea, Jap\u00f3n, Brasil y muchos m\u00e1s<\/p>\n<p>Caracter\u00edsticas:<br \/>\nSistema operativo de Android 11<br \/>\n1 GB de RAM + 16 GB ROM;<br \/>\nPantalla capacitiva de 9 pulgadas (1024*600);<br \/>\nPantalla de prensa capacitiva, soporte multiprensa;<br \/>\n2.5D de vidrio curvadoBluetooth wifi GPS navegaci\u00f3n radio de coche<br \/>\nBluetooth 4,0 incorporado, libro de tel\u00e9fono, m\u00fasica BT;<br \/>\nWiFi incorporado apoyo WIFI hotspot;<br \/>\nFunci\u00f3n de conexi\u00f3n telef\u00f3nica; radio de navegaci\u00f3n GPS para coche<br \/>\nM\u00f3dulo de Navegaci\u00f3n de modo dual GPS\/br\u00fajula incorporado;<br \/>\n2 puertos USB traseros;<br \/>\nRadio FM incorporado; bluetooth wifi GPS navegaci\u00f3n radio de coche<br \/>\nDecodificaci\u00f3n de audio y v\u00eddeo multiformato, compatible con formato completo 1080 P;<br \/>\nSoporte de entrada de c\u00e1mara de visi\u00f3n trasera<br \/>\nAdmite la descarga, instalaci\u00f3n y desinstalaci\u00f3n de v\u00eddeos de aplicaciones de Internet;<br \/>\nEnlace espejo hasta android 10 y iphone 5 6 7 8 plus o no plus<br \/>\nChip de decodificaci\u00f3n: MTK 8227L<br \/>\nCPU: A7 1,3 GHZ, cuatro n\u00facleos<br \/>\nVoltaje: 12 V<br \/>\nTama\u00f1o de la pantalla: 9 pulgadas<br \/>\nColor: Negro GPS navegaci\u00f3n coche radio<br \/>\nMaterial: pl\u00e1stico + metal GPS navegaci\u00f3n coche radio<\/p>\n<p>Contenido del paquete:<br \/>\n1 * coche Android host<br \/>\n1 * GPS antena<br \/>\n2 * USB cable<br \/>\n1 * cable de alimentaci\u00f3n<br \/>\n1 * cable auxiliar<br \/>\n1 * cable AUX<br \/>\n1 * l\u00ednea de entrada inversa<br \/>\n1 * ver el cable de conexi\u00f3n<br \/>\n2 * soporte de montaje<br \/>\n4 * tornillos de montaje<br \/>\nGarant\u00eda un mes por defectos de fabricaci\u00f3n no cubre golpes rayones humedad mala instalacion por el cliente por ejemplo que conecte el cable rosado mal, que es mal a una masa del carro o algun cable del parlante o algun cable que no sea el que sale del rca de la camara de reversa de color rojo que sale directo del stop trasero y haga masa esto quemara el radio y hara que no prenda , tampoco se da garantia si se evidencia una mala instalacion como por ejemplo los cables positivos conectados a masa o los negativos colocados a un cable conectado a 12voltios , por otro lado si su instalacion usted ha conectado el radio y no ha usado ningun tipo de aislante como cinta negra o termoencogible esto hace que su garantia se pierda , tambien si es manipulado los sticker de seguridad y se evidencia que el radio ha sido destapado pierde la garantia o una mala manipulaci\u00f3n del comprador,tampoco es necesario aterrizar la imagen que se refiere a conectar el cable rosado no a la camara esto quemara el radio no lo dejara prender , mala manipulacion y pierde garantia ni tampoco se cubre pixeles muertos<\/p>\n<p>importante ya que este producto es un producto tecnologico cada comprador debe asesorarse o investigar sobre su uso para el gozo y disfrute del producto la tienda no se hace responsable si el comprador no lo sabe usar<\/p>\n<p>Garant\u00eda del vendedor: 1 meses<\/p>\n","protected":false},"excerpt":{"rendered":"<p>RADIO ANDROID VERSI\u00d3N 11 CON APLICACIONES WIFI USB BLUETOOTH ESPECIAL PARA CHEVROLET BEAT CON CONEXION PLUG AND PLAY RECIBE GRATIS C\u00c1MARA DE REVERSA Apoyo formato de audio: MP3 MP2 AAC, OGG, FLAC mono WMA WAV RM AC3; Apoyo formato de video: AVI 3GP\/MP4 MOV MPG MKV WMV RMVB; Salida de v\u00eddeo de 1 v\u00eda\/salida de &hellip;<\/p>\n<p class=\"read-more\"> <a class=\"\" href=\"https:\/\/magnuxcompany.com\/?product=radio-carro-android-9-chevrolet-beat-bluetooth-usb-wifi\"> <span class=\"screen-reader-text\">+CAM &#8211; Radio Carro Android 9 Chevrolet Beat Bluetooth Usb Wifi<\/span> Leer m\u00e1s &raquo;<\/a><\/p>\n","protected":false},"featured_media":746,"comment_status":"open","ping_status":"closed","template":"","meta":{"site-sidebar-layout":"default","site-content-layout":"","ast-site-content-layout":"default","site-content-style":"default","site-sidebar-style":"default","ast-global-header-display":"","ast-banner-title-visibility":"","ast-main-header-display":"","ast-hfb-above-header-display":"","ast-hfb-below-header-display":"","ast-hfb-mobile-header-display":"","site-post-title":"","ast-breadcrumbs-content":"","ast-featured-img":"","footer-sml-layout":"","theme-transparent-header-meta":"default","adv-header-id-meta":"","stick-header-meta":"","header-above-stick-meta":"","header-main-stick-meta":"","header-below-stick-meta":"","astra-migrate-meta-layouts":"set","ast-page-background-enabled":"default","ast-page-background-meta":{"desktop":{"background-color":"var(--ast-global-color-4)","background-image":"","background-repeat":"repeat","background-position":"center center","background-size":"auto","background-attachment":"scroll","background-type":"","background-media":"","overlay-type":"","overlay-color":"","overlay-gradient":""},"tablet":{"background-color":"","background-image":"","background-repeat":"repeat","background-position":"center center","background-size":"auto","background-attachment":"scroll","background-type":"","background-media":"","overlay-type":"","overlay-color":"","overlay-gradient":""},"mobile":{"background-color":"","background-image":"","background-repeat":"repeat","background-position":"center center","background-size":"auto","background-attachment":"scroll","background-type":"","background-media":"","overlay-type":"","overlay-color":"","overlay-gradient":""}},"ast-content-background-meta":{"desktop":{"background-color":"var(--ast-global-color-5)","background-image":"","background-repeat":"repeat","background-position":"center center","background-size":"auto","background-attachment":"scroll","background-type":"","background-media":"","overlay-type":"","overlay-color":"","overlay-gradient":""},"tablet":{"background-color":"var(--ast-global-color-5)","background-image":"","background-repeat":"repeat","background-position":"center center","background-size":"auto","background-attachment":"scroll","background-type":"","background-media":"","overlay-type":"","overlay-color":"","overlay-gradient":""},"mobile":{"background-color":"var(--ast-global-color-5)","background-image":"","background-repeat":"repeat","background-position":"center center","background-size":"auto","background-attachment":"scroll","background-type":"","background-media":"","overlay-type":"","overlay-color":"","overlay-gradient":""}},"_joinchat":[]},"product_cat":[25],"product_tag":[],"jetpack_sharing_enabled":true,"_links":{"self":[{"href":"https:\/\/magnuxcompany.com\/index.php?rest_route=\/wp\/v2\/product\/742"}],"collection":[{"href":"https:\/\/magnuxcompany.com\/index.php?rest_route=\/wp\/v2\/product"}],"about":[{"href":"https:\/\/magnuxcompany.com\/index.php?rest_route=\/wp\/v2\/types\/product"}],"replies":[{"embeddable":true,"href":"https:\/\/magnuxcompany.com\/index.php?rest_route=%2Fwp%2Fv2%2Fcomments&post=742"}],"version-history":[{"count":2,"href":"https:\/\/magnuxcompany.com\/index.php?rest_route=\/wp\/v2\/product\/742\/revisions"}],"predecessor-version":[{"id":1015,"href":"https:\/\/magnuxcompany.com\/index.php?rest_route=\/wp\/v2\/product\/742\/revisions\/1015"}],"wp:featuredmedia":[{"embeddable":true,"href":"https:\/\/magnuxcompany.com\/index.php?rest_route=\/wp\/v2\/media\/746"}],"wp:attachment":[{"href":"https:\/\/magnuxcompany.com\/index.php?rest_route=%2Fwp%2Fv2%2Fmedia&parent=742"}],"wp:term":[{"taxonomy":"product_cat","embeddable":true,"href":"https:\/\/magnuxcompany.com\/index.php?rest_route=%2Fwp%2Fv2%2Fproduct_cat&post=742"},{"taxonomy":"product_tag","embeddable":true,"href":"https:\/\/magnuxcompany.com\/index.php?rest_route=%2Fwp%2Fv2%2Fproduct_tag&post=742"}],"curies":[{"name":"wp","href":"https:\/\/api.w.org\/{rel}","templated":true}]}}